{"id":30282,"date":"2026-01-03T08:02:32","date_gmt":"2026-01-03T06:02:32","guid":{"rendered":"https:\/\/cometofinland.fi\/?post_type=product&#038;p=30282"},"modified":"2025-07-03T09:02:32","modified_gmt":"2025-07-03T06:02:32","slug":"palapeli-northern-magic-finland-by-natali-kit","status":"publish","type":"product","link":"https:\/\/cometofinland.fi\/sv\/produkt\/palapeli-northern-magic-finland-by-natali-kit\/","title":{"rendered":"Palapeli: Northern Magic by Natali Kit"},"content":{"rendered":"<p>Norrsken \u00e5ret runt! Nu finns v\u00e5ra reseaffischer ocks\u00e5 som pussel. V\u00e4lj din favorit i v\u00e5r m\u00e5ngsidiga produktserie \u2013 eller ta alla p\u00e5 en g\u00e5ng \u2013 och bygg upp det stiliga Finland bit f\u00f6r bit. (Det finns 1000 bitar.)<\/p>\n<p>Licensprodukt. Tillverkare: Tactic.<\/p>\n<p>Tillverkad i Finland<\/p>\n","protected":false},"excerpt":{"rendered":"<p>Norrsken \u00e5ret runt! Nu finns v\u00e5ra reseaffischer ocks\u00e5 som pussel. V\u00e4lj din favorit i v\u00e5r m\u00e5ngsidiga produktserie \u2013 eller ta alla p\u00e5 en g\u00e5ng \u2013 och bygg upp det stiliga Finland bit f\u00f6r bit. (Det finns 1000 bitar.) Licensprodukt. Tillverkare: Tactic. Tillverkad i Finland<\/p>\n","protected":false},"featured_media":30285,"template":"","meta":{"_acf_changed":false},"product_brand":[],"product_cat":[726,644],"product_tag":[],"class_list":{"0":"post-30282","1":"product","2":"type-product","3":"status-publish","4":"has-post-thumbnail","6":"product_cat-pussel-sv","7":"product_cat-pussel","9":"first","10":"instock","11":"taxable","12":"shipping-taxable","13":"purchasable","14":"product-type-simple"},"acf":[],"yoast_head":"<!-- This site is optimized with the Yoast SEO plugin v27.5 - https:\/\/yoast.com\/product\/yoast-seo-wordpress\/ -->\n<title>Palapeli: Northern Magic by Natali Kit - Come to Finland<\/title>\n<meta name=\"description\" content=\"Bygg upp Finland bit f\u00f6r bit med hj\u00e4lp av detta 1000-bitars pussel. Bilden \u00e4r prisbel\u00f6nad som \u00e5rets reseaffisch i Finland och f\u00f6rest\u00e4ller norrsken.\" \/>\n<meta name=\"robots\" content=\"index, follow, max-snippet:-1, max-image-preview:large, max-video-preview:-1\" \/>\n<link rel=\"canonical\" href=\"https:\/\/cometofinland.fi\/sv\/produkt\/palapeli-northern-magic-finland-by-natali-kit\/\" \/>\n<meta property=\"og:locale\" content=\"sv_SE\" \/>\n<meta property=\"og:type\" content=\"article\" \/>\n<meta property=\"og:title\" content=\"Palapeli: Northern Magic by Natali Kit - Come to Finland\" \/>\n<meta property=\"og:description\" content=\"Bygg upp Finland bit f\u00f6r bit med hj\u00e4lp av detta 1000-bitars pussel. Bilden \u00e4r prisbel\u00f6nad som \u00e5rets reseaffisch i Finland och f\u00f6rest\u00e4ller norrsken.\" \/>\n<meta property=\"og:url\" content=\"https:\/\/cometofinland.fi\/sv\/produkt\/palapeli-northern-magic-finland-by-natali-kit\/\" \/>\n<meta property=\"og:site_name\" content=\"Come to Finland\" \/>\n<meta property=\"article:publisher\" content=\"https:\/\/fi-fi.facebook.com\/cometofinland\/\" \/>\n<meta property=\"og:image\" content=\"https:\/\/cometofinland.fi\/wp-content\/uploads\/2025\/07\/Travel-poster-Finland-Puzzle-Northern-Magic-Auroras-PUZ-2382.png\" \/>\n\t<meta property=\"og:image:width\" content=\"409\" \/>\n\t<meta property=\"og:image:height\" content=\"774\" \/>\n\t<meta property=\"og:image:type\" content=\"image\/png\" \/>\n<meta name=\"twitter:card\" content=\"summary_large_image\" \/>\n<script type=\"application\/ld+json\" class=\"yoast-schema-graph\">{\"@context\":\"https:\\\/\\\/schema.org\",\"@graph\":[{\"@type\":\"WebPage\",\"@id\":\"https:\\\/\\\/cometofinland.fi\\\/sv\\\/produkt\\\/palapeli-northern-magic-finland-by-natali-kit\\\/\",\"url\":\"https:\\\/\\\/cometofinland.fi\\\/sv\\\/produkt\\\/palapeli-northern-magic-finland-by-natali-kit\\\/\",\"name\":\"Palapeli: Northern Magic by Natali Kit - Come to Finland\",\"isPartOf\":{\"@id\":\"https:\\\/\\\/cometofinland.fi\\\/sv\\\/#website\"},\"primaryImageOfPage\":{\"@id\":\"https:\\\/\\\/cometofinland.fi\\\/sv\\\/produkt\\\/palapeli-northern-magic-finland-by-natali-kit\\\/#primaryimage\"},\"image\":{\"@id\":\"https:\\\/\\\/cometofinland.fi\\\/sv\\\/produkt\\\/palapeli-northern-magic-finland-by-natali-kit\\\/#primaryimage\"},\"thumbnailUrl\":\"https:\\\/\\\/cometofinland.fi\\\/wp-content\\\/uploads\\\/2025\\\/07\\\/Travel-poster-Finland-Puzzle-Northern-Magic-Auroras-PUZ-2382.png\",\"datePublished\":\"2026-01-03T06:02:32+00:00\",\"description\":\"Bygg upp Finland bit f\u00f6r bit med hj\u00e4lp av detta 1000-bitars pussel. Bilden \u00e4r prisbel\u00f6nad som \u00e5rets reseaffisch i Finland och f\u00f6rest\u00e4ller norrsken.\",\"breadcrumb\":{\"@id\":\"https:\\\/\\\/cometofinland.fi\\\/sv\\\/produkt\\\/palapeli-northern-magic-finland-by-natali-kit\\\/#breadcrumb\"},\"inLanguage\":\"sv-SE\",\"potentialAction\":[{\"@type\":\"ReadAction\",\"target\":[\"https:\\\/\\\/cometofinland.fi\\\/sv\\\/produkt\\\/palapeli-northern-magic-finland-by-natali-kit\\\/\"]}]},{\"@type\":\"ImageObject\",\"inLanguage\":\"sv-SE\",\"@id\":\"https:\\\/\\\/cometofinland.fi\\\/sv\\\/produkt\\\/palapeli-northern-magic-finland-by-natali-kit\\\/#primaryimage\",\"url\":\"https:\\\/\\\/cometofinland.fi\\\/wp-content\\\/uploads\\\/2025\\\/07\\\/Travel-poster-Finland-Puzzle-Northern-Magic-Auroras-PUZ-2382.png\",\"contentUrl\":\"https:\\\/\\\/cometofinland.fi\\\/wp-content\\\/uploads\\\/2025\\\/07\\\/Travel-poster-Finland-Puzzle-Northern-Magic-Auroras-PUZ-2382.png\",\"width\":409,\"height\":774},{\"@type\":\"BreadcrumbList\",\"@id\":\"https:\\\/\\\/cometofinland.fi\\\/sv\\\/produkt\\\/palapeli-northern-magic-finland-by-natali-kit\\\/#breadcrumb\",\"itemListElement\":[{\"@type\":\"ListItem\",\"position\":1,\"name\":\"Home\",\"item\":\"https:\\\/\\\/cometofinland.fi\\\/sv\\\/\"},{\"@type\":\"ListItem\",\"position\":2,\"name\":\"Butik\",\"item\":\"https:\\\/\\\/cometofinland.fi\\\/sv\\\/butik\\\/\"},{\"@type\":\"ListItem\",\"position\":3,\"name\":\"Palapeli: Northern Magic by Natali Kit\"}]},{\"@type\":\"WebSite\",\"@id\":\"https:\\\/\\\/cometofinland.fi\\\/sv\\\/#website\",\"url\":\"https:\\\/\\\/cometofinland.fi\\\/sv\\\/\",\"name\":\"Come to Finland\",\"description\":\"Poster love from Finland! We bring new life to vintage travel posters, and also create new images from Finland!\",\"publisher\":{\"@id\":\"https:\\\/\\\/cometofinland.fi\\\/sv\\\/#organization\"},\"potentialAction\":[{\"@type\":\"SearchAction\",\"target\":{\"@type\":\"EntryPoint\",\"urlTemplate\":\"https:\\\/\\\/cometofinland.fi\\\/sv\\\/?s={search_term_string}\"},\"query-input\":{\"@type\":\"PropertyValueSpecification\",\"valueRequired\":true,\"valueName\":\"search_term_string\"}}],\"inLanguage\":\"sv-SE\"},{\"@type\":\"Organization\",\"@id\":\"https:\\\/\\\/cometofinland.fi\\\/sv\\\/#organization\",\"name\":\"Come to Finland\",\"url\":\"https:\\\/\\\/cometofinland.fi\\\/sv\\\/\",\"logo\":{\"@type\":\"ImageObject\",\"inLanguage\":\"sv-SE\",\"@id\":\"https:\\\/\\\/cometofinland.fi\\\/sv\\\/#\\\/schema\\\/logo\\\/image\\\/\",\"url\":\"https:\\\/\\\/cometofinland.fi\\\/wp-content\\\/uploads\\\/2019\\\/03\\\/CTF_LOGO_Blue.svg\",\"contentUrl\":\"https:\\\/\\\/cometofinland.fi\\\/wp-content\\\/uploads\\\/2019\\\/03\\\/CTF_LOGO_Blue.svg\",\"width\":1,\"height\":1,\"caption\":\"Come to Finland\"},\"image\":{\"@id\":\"https:\\\/\\\/cometofinland.fi\\\/sv\\\/#\\\/schema\\\/logo\\\/image\\\/\"},\"sameAs\":[\"https:\\\/\\\/fi-fi.facebook.com\\\/cometofinland\\\/\",\"https:\\\/\\\/www.instagram.com\\\/cometofinland\\\/\"]}]}<\/script>\n<!-- \/ Yoast SEO plugin. -->","yoast_head_json":{"title":"Palapeli: Northern Magic by Natali Kit - Come to Finland","description":"Bygg upp Finland bit f\u00f6r bit med hj\u00e4lp av detta 1000-bitars pussel. Bilden \u00e4r prisbel\u00f6nad som \u00e5rets reseaffisch i Finland och f\u00f6rest\u00e4ller norrsken.","robots":{"index":"index","follow":"follow","max-snippet":"max-snippet:-1","max-image-preview":"max-image-preview:large","max-video-preview":"max-video-preview:-1"},"canonical":"https:\/\/cometofinland.fi\/sv\/produkt\/palapeli-northern-magic-finland-by-natali-kit\/","og_locale":"sv_SE","og_type":"article","og_title":"Palapeli: Northern Magic by Natali Kit - Come to Finland","og_description":"Bygg upp Finland bit f\u00f6r bit med hj\u00e4lp av detta 1000-bitars pussel. Bilden \u00e4r prisbel\u00f6nad som \u00e5rets reseaffisch i Finland och f\u00f6rest\u00e4ller norrsken.","og_url":"https:\/\/cometofinland.fi\/sv\/produkt\/palapeli-northern-magic-finland-by-natali-kit\/","og_site_name":"Come to Finland","article_publisher":"https:\/\/fi-fi.facebook.com\/cometofinland\/","og_image":[{"width":409,"height":774,"url":"https:\/\/cometofinland.fi\/wp-content\/uploads\/2025\/07\/Travel-poster-Finland-Puzzle-Northern-Magic-Auroras-PUZ-2382.png","type":"image\/png"}],"twitter_card":"summary_large_image","schema":{"@context":"https:\/\/schema.org","@graph":[{"@type":"WebPage","@id":"https:\/\/cometofinland.fi\/sv\/produkt\/palapeli-northern-magic-finland-by-natali-kit\/","url":"https:\/\/cometofinland.fi\/sv\/produkt\/palapeli-northern-magic-finland-by-natali-kit\/","name":"Palapeli: Northern Magic by Natali Kit - Come to Finland","isPartOf":{"@id":"https:\/\/cometofinland.fi\/sv\/#website"},"primaryImageOfPage":{"@id":"https:\/\/cometofinland.fi\/sv\/produkt\/palapeli-northern-magic-finland-by-natali-kit\/#primaryimage"},"image":{"@id":"https:\/\/cometofinland.fi\/sv\/produkt\/palapeli-northern-magic-finland-by-natali-kit\/#primaryimage"},"thumbnailUrl":"https:\/\/cometofinland.fi\/wp-content\/uploads\/2025\/07\/Travel-poster-Finland-Puzzle-Northern-Magic-Auroras-PUZ-2382.png","datePublished":"2026-01-03T06:02:32+00:00","description":"Bygg upp Finland bit f\u00f6r bit med hj\u00e4lp av detta 1000-bitars pussel. Bilden \u00e4r prisbel\u00f6nad som \u00e5rets reseaffisch i Finland och f\u00f6rest\u00e4ller norrsken.","breadcrumb":{"@id":"https:\/\/cometofinland.fi\/sv\/produkt\/palapeli-northern-magic-finland-by-natali-kit\/#breadcrumb"},"inLanguage":"sv-SE","potentialAction":[{"@type":"ReadAction","target":["https:\/\/cometofinland.fi\/sv\/produkt\/palapeli-northern-magic-finland-by-natali-kit\/"]}]},{"@type":"ImageObject","inLanguage":"sv-SE","@id":"https:\/\/cometofinland.fi\/sv\/produkt\/palapeli-northern-magic-finland-by-natali-kit\/#primaryimage","url":"https:\/\/cometofinland.fi\/wp-content\/uploads\/2025\/07\/Travel-poster-Finland-Puzzle-Northern-Magic-Auroras-PUZ-2382.png","contentUrl":"https:\/\/cometofinland.fi\/wp-content\/uploads\/2025\/07\/Travel-poster-Finland-Puzzle-Northern-Magic-Auroras-PUZ-2382.png","width":409,"height":774},{"@type":"BreadcrumbList","@id":"https:\/\/cometofinland.fi\/sv\/produkt\/palapeli-northern-magic-finland-by-natali-kit\/#breadcrumb","itemListElement":[{"@type":"ListItem","position":1,"name":"Home","item":"https:\/\/cometofinland.fi\/sv\/"},{"@type":"ListItem","position":2,"name":"Butik","item":"https:\/\/cometofinland.fi\/sv\/butik\/"},{"@type":"ListItem","position":3,"name":"Palapeli: Northern Magic by Natali Kit"}]},{"@type":"WebSite","@id":"https:\/\/cometofinland.fi\/sv\/#website","url":"https:\/\/cometofinland.fi\/sv\/","name":"Come to Finland","description":"Poster love from Finland! We bring new life to vintage travel posters, and also create new images from Finland!","publisher":{"@id":"https:\/\/cometofinland.fi\/sv\/#organization"},"potentialAction":[{"@type":"SearchAction","target":{"@type":"EntryPoint","urlTemplate":"https:\/\/cometofinland.fi\/sv\/?s={search_term_string}"},"query-input":{"@type":"PropertyValueSpecification","valueRequired":true,"valueName":"search_term_string"}}],"inLanguage":"sv-SE"},{"@type":"Organization","@id":"https:\/\/cometofinland.fi\/sv\/#organization","name":"Come to Finland","url":"https:\/\/cometofinland.fi\/sv\/","logo":{"@type":"ImageObject","inLanguage":"sv-SE","@id":"https:\/\/cometofinland.fi\/sv\/#\/schema\/logo\/image\/","url":"https:\/\/cometofinland.fi\/wp-content\/uploads\/2019\/03\/CTF_LOGO_Blue.svg","contentUrl":"https:\/\/cometofinland.fi\/wp-content\/uploads\/2019\/03\/CTF_LOGO_Blue.svg","width":1,"height":1,"caption":"Come to Finland"},"image":{"@id":"https:\/\/cometofinland.fi\/sv\/#\/schema\/logo\/image\/"},"sameAs":["https:\/\/fi-fi.facebook.com\/cometofinland\/","https:\/\/www.instagram.com\/cometofinland\/"]}]}},"_links":{"self":[{"href":"https:\/\/cometofinland.fi\/sv\/wp-json\/wp\/v2\/product\/30282","targetHints":{"allow":["GET"]}}],"collection":[{"href":"https:\/\/cometofinland.fi\/sv\/wp-json\/wp\/v2\/product"}],"about":[{"href":"https:\/\/cometofinland.fi\/sv\/wp-json\/wp\/v2\/types\/product"}],"wp:featuredmedia":[{"embeddable":true,"href":"https:\/\/cometofinland.fi\/sv\/wp-json\/wp\/v2\/media\/30285"}],"wp:attachment":[{"href":"https:\/\/cometofinland.fi\/sv\/wp-json\/wp\/v2\/media?parent=30282"}],"wp:term":[{"taxonomy":"product_brand","embeddable":true,"href":"https:\/\/cometofinland.fi\/sv\/wp-json\/wp\/v2\/product_brand?post=30282"},{"taxonomy":"product_cat","embeddable":true,"href":"https:\/\/cometofinland.fi\/sv\/wp-json\/wp\/v2\/product_cat?post=30282"},{"taxonomy":"product_tag","embeddable":true,"href":"https:\/\/cometofinland.fi\/sv\/wp-json\/wp\/v2\/product_tag?post=30282"}],"curies":[{"name":"wp","href":"https:\/\/api.w.org\/{rel}","templated":true}]}}