{"id":30294,"date":"2024-07-03T09:07:41","date_gmt":"2024-07-03T06:07:41","guid":{"rendered":"https:\/\/cometofinland.fi\/?post_type=product&#038;p=30294"},"modified":"2025-07-03T09:37:36","modified_gmt":"2025-07-03T06:37:36","slug":"pussel-take-some-finland-by-omar-escalante","status":"publish","type":"product","link":"https:\/\/cometofinland.fi\/sv\/produkt\/pussel-take-some-finland-by-omar-escalante\/","title":{"rendered":"Pussel: Take Some Finland by Omar Escalante"},"content":{"rendered":"<p>Precis &#8230; v\u00e5gar du inte hoppa i sj\u00e4lv kan du alltid l\u00e4gga ett pussel. V\u00e4lj din favorit bland v\u00e5ra pusselalternativ \u2013 eller ta alla p\u00e5 en g\u00e5ng. Sedan kan du bygga upp Finland bit f\u00f6r bit. (Det finns 1000 bitar.)<\/p>\n<p>Licensprodukt. Tillverkare: Tactic.<\/p>\n<p>Tillverkad i Finland<\/p>\n","protected":false},"excerpt":{"rendered":"<p>Precis &#8230; v\u00e5gar du inte hoppa i sj\u00e4lv kan du alltid l\u00e4gga ett pussel. V\u00e4lj din favorit bland v\u00e5ra pusselalternativ \u2013 eller ta alla p\u00e5 en g\u00e5ng. Sedan kan du bygga upp Finland bit f\u00f6r bit. (Det finns 1000 bitar.) Licensprodukt. Tillverkare: Tactic. Tillverkad i Finland<\/p>\n","protected":false},"featured_media":30288,"template":"","meta":{"_acf_changed":false},"product_brand":[],"product_cat":[726,644],"product_tag":[],"class_list":{"0":"post-30294","1":"product","2":"type-product","3":"status-publish","4":"has-post-thumbnail","6":"product_cat-pussel-sv","7":"product_cat-pussel","9":"first","10":"instock","11":"taxable","12":"shipping-taxable","13":"purchasable","14":"product-type-simple"},"acf":[],"yoast_head":"<!-- This site is optimized with the Yoast SEO plugin v27.3 - https:\/\/yoast.com\/product\/yoast-seo-wordpress\/ -->\n<title>Pussel: Take Some Finland by Omar Escalante - Come to Finland<\/title>\n<meta name=\"description\" content=\"Finland \u00e4r f\u00f6r de dj\u00e4rva! Vi andra kan l\u00e4gga ett pussel och njuta av vinterbad den v\u00e4gen. Med detta 1000 bitars vinterpussel blir det svettigt \u00e5ret runt.\" \/>\n<meta name=\"robots\" content=\"index, follow, max-snippet:-1, max-image-preview:large, max-video-preview:-1\" \/>\n<link rel=\"canonical\" href=\"https:\/\/cometofinland.fi\/sv\/produkt\/pussel-take-some-finland-by-omar-escalante\/\" \/>\n<meta property=\"og:locale\" content=\"sv_SE\" \/>\n<meta property=\"og:type\" content=\"article\" \/>\n<meta property=\"og:title\" content=\"Pussel: Take Some Finland by Omar Escalante - Come to Finland\" \/>\n<meta property=\"og:description\" content=\"Finland \u00e4r f\u00f6r de dj\u00e4rva! Vi andra kan l\u00e4gga ett pussel och njuta av vinterbad den v\u00e4gen. Med detta 1000 bitars vinterpussel blir det svettigt \u00e5ret runt.\" \/>\n<meta property=\"og:url\" content=\"https:\/\/cometofinland.fi\/sv\/produkt\/pussel-take-some-finland-by-omar-escalante\/\" \/>\n<meta property=\"og:site_name\" content=\"Come to Finland\" \/>\n<meta property=\"article:publisher\" content=\"https:\/\/fi-fi.facebook.com\/cometofinland\/\" \/>\n<meta property=\"article:modified_time\" content=\"2025-07-03T06:37:36+00:00\" \/>\n<meta property=\"og:image\" content=\"https:\/\/cometofinland.fi\/wp-content\/uploads\/2025\/07\/Travel-poster-Take-some-Finland-puzzle-100-pieces-puz-22215.png\" \/>\n\t<meta property=\"og:image:width\" content=\"425\" \/>\n\t<meta property=\"og:image:height\" content=\"772\" \/>\n\t<meta property=\"og:image:type\" content=\"image\/png\" \/>\n<meta name=\"twitter:card\" content=\"summary_large_image\" \/>\n<script type=\"application\/ld+json\" class=\"yoast-schema-graph\">{\"@context\":\"https:\\\/\\\/schema.org\",\"@graph\":[{\"@type\":\"WebPage\",\"@id\":\"https:\\\/\\\/cometofinland.fi\\\/sv\\\/produkt\\\/pussel-take-some-finland-by-omar-escalante\\\/\",\"url\":\"https:\\\/\\\/cometofinland.fi\\\/sv\\\/produkt\\\/pussel-take-some-finland-by-omar-escalante\\\/\",\"name\":\"Pussel: Take Some Finland by Omar Escalante - Come to Finland\",\"isPartOf\":{\"@id\":\"https:\\\/\\\/cometofinland.fi\\\/sv\\\/#website\"},\"primaryImageOfPage\":{\"@id\":\"https:\\\/\\\/cometofinland.fi\\\/sv\\\/produkt\\\/pussel-take-some-finland-by-omar-escalante\\\/#primaryimage\"},\"image\":{\"@id\":\"https:\\\/\\\/cometofinland.fi\\\/sv\\\/produkt\\\/pussel-take-some-finland-by-omar-escalante\\\/#primaryimage\"},\"thumbnailUrl\":\"https:\\\/\\\/cometofinland.fi\\\/wp-content\\\/uploads\\\/2025\\\/07\\\/Travel-poster-Take-some-Finland-puzzle-100-pieces-puz-22215.png\",\"datePublished\":\"2024-07-03T06:07:41+00:00\",\"dateModified\":\"2025-07-03T06:37:36+00:00\",\"description\":\"Finland \u00e4r f\u00f6r de dj\u00e4rva! Vi andra kan l\u00e4gga ett pussel och njuta av vinterbad den v\u00e4gen. Med detta 1000 bitars vinterpussel blir det svettigt \u00e5ret runt.\",\"breadcrumb\":{\"@id\":\"https:\\\/\\\/cometofinland.fi\\\/sv\\\/produkt\\\/pussel-take-some-finland-by-omar-escalante\\\/#breadcrumb\"},\"inLanguage\":\"sv-SE\",\"potentialAction\":[{\"@type\":\"ReadAction\",\"target\":[\"https:\\\/\\\/cometofinland.fi\\\/sv\\\/produkt\\\/pussel-take-some-finland-by-omar-escalante\\\/\"]}]},{\"@type\":\"ImageObject\",\"inLanguage\":\"sv-SE\",\"@id\":\"https:\\\/\\\/cometofinland.fi\\\/sv\\\/produkt\\\/pussel-take-some-finland-by-omar-escalante\\\/#primaryimage\",\"url\":\"https:\\\/\\\/cometofinland.fi\\\/wp-content\\\/uploads\\\/2025\\\/07\\\/Travel-poster-Take-some-Finland-puzzle-100-pieces-puz-22215.png\",\"contentUrl\":\"https:\\\/\\\/cometofinland.fi\\\/wp-content\\\/uploads\\\/2025\\\/07\\\/Travel-poster-Take-some-Finland-puzzle-100-pieces-puz-22215.png\",\"width\":425,\"height\":772},{\"@type\":\"BreadcrumbList\",\"@id\":\"https:\\\/\\\/cometofinland.fi\\\/sv\\\/produkt\\\/pussel-take-some-finland-by-omar-escalante\\\/#breadcrumb\",\"itemListElement\":[{\"@type\":\"ListItem\",\"position\":1,\"name\":\"Home\",\"item\":\"https:\\\/\\\/cometofinland.fi\\\/sv\\\/\"},{\"@type\":\"ListItem\",\"position\":2,\"name\":\"Butik\",\"item\":\"https:\\\/\\\/cometofinland.fi\\\/sv\\\/butik\\\/\"},{\"@type\":\"ListItem\",\"position\":3,\"name\":\"Pussel: Take Some Finland by Omar Escalante\"}]},{\"@type\":\"WebSite\",\"@id\":\"https:\\\/\\\/cometofinland.fi\\\/sv\\\/#website\",\"url\":\"https:\\\/\\\/cometofinland.fi\\\/sv\\\/\",\"name\":\"Come to Finland\",\"description\":\"Poster love from Finland! We bring new life to vintage travel posters, and also create new images from Finland!\",\"publisher\":{\"@id\":\"https:\\\/\\\/cometofinland.fi\\\/sv\\\/#organization\"},\"potentialAction\":[{\"@type\":\"SearchAction\",\"target\":{\"@type\":\"EntryPoint\",\"urlTemplate\":\"https:\\\/\\\/cometofinland.fi\\\/sv\\\/?s={search_term_string}\"},\"query-input\":{\"@type\":\"PropertyValueSpecification\",\"valueRequired\":true,\"valueName\":\"search_term_string\"}}],\"inLanguage\":\"sv-SE\"},{\"@type\":\"Organization\",\"@id\":\"https:\\\/\\\/cometofinland.fi\\\/sv\\\/#organization\",\"name\":\"Come to Finland\",\"url\":\"https:\\\/\\\/cometofinland.fi\\\/sv\\\/\",\"logo\":{\"@type\":\"ImageObject\",\"inLanguage\":\"sv-SE\",\"@id\":\"https:\\\/\\\/cometofinland.fi\\\/sv\\\/#\\\/schema\\\/logo\\\/image\\\/\",\"url\":\"https:\\\/\\\/cometofinland.fi\\\/wp-content\\\/uploads\\\/2019\\\/03\\\/CTF_LOGO_Blue.svg\",\"contentUrl\":\"https:\\\/\\\/cometofinland.fi\\\/wp-content\\\/uploads\\\/2019\\\/03\\\/CTF_LOGO_Blue.svg\",\"width\":1,\"height\":1,\"caption\":\"Come to Finland\"},\"image\":{\"@id\":\"https:\\\/\\\/cometofinland.fi\\\/sv\\\/#\\\/schema\\\/logo\\\/image\\\/\"},\"sameAs\":[\"https:\\\/\\\/fi-fi.facebook.com\\\/cometofinland\\\/\",\"https:\\\/\\\/www.instagram.com\\\/cometofinland\\\/\"]}]}<\/script>\n<!-- \/ Yoast SEO plugin. -->","yoast_head_json":{"title":"Pussel: Take Some Finland by Omar Escalante - Come to Finland","description":"Finland \u00e4r f\u00f6r de dj\u00e4rva! Vi andra kan l\u00e4gga ett pussel och njuta av vinterbad den v\u00e4gen. Med detta 1000 bitars vinterpussel blir det svettigt \u00e5ret runt.","robots":{"index":"index","follow":"follow","max-snippet":"max-snippet:-1","max-image-preview":"max-image-preview:large","max-video-preview":"max-video-preview:-1"},"canonical":"https:\/\/cometofinland.fi\/sv\/produkt\/pussel-take-some-finland-by-omar-escalante\/","og_locale":"sv_SE","og_type":"article","og_title":"Pussel: Take Some Finland by Omar Escalante - Come to Finland","og_description":"Finland \u00e4r f\u00f6r de dj\u00e4rva! Vi andra kan l\u00e4gga ett pussel och njuta av vinterbad den v\u00e4gen. Med detta 1000 bitars vinterpussel blir det svettigt \u00e5ret runt.","og_url":"https:\/\/cometofinland.fi\/sv\/produkt\/pussel-take-some-finland-by-omar-escalante\/","og_site_name":"Come to Finland","article_publisher":"https:\/\/fi-fi.facebook.com\/cometofinland\/","article_modified_time":"2025-07-03T06:37:36+00:00","og_image":[{"width":425,"height":772,"url":"https:\/\/cometofinland.fi\/wp-content\/uploads\/2025\/07\/Travel-poster-Take-some-Finland-puzzle-100-pieces-puz-22215.png","type":"image\/png"}],"twitter_card":"summary_large_image","schema":{"@context":"https:\/\/schema.org","@graph":[{"@type":"WebPage","@id":"https:\/\/cometofinland.fi\/sv\/produkt\/pussel-take-some-finland-by-omar-escalante\/","url":"https:\/\/cometofinland.fi\/sv\/produkt\/pussel-take-some-finland-by-omar-escalante\/","name":"Pussel: Take Some Finland by Omar Escalante - Come to Finland","isPartOf":{"@id":"https:\/\/cometofinland.fi\/sv\/#website"},"primaryImageOfPage":{"@id":"https:\/\/cometofinland.fi\/sv\/produkt\/pussel-take-some-finland-by-omar-escalante\/#primaryimage"},"image":{"@id":"https:\/\/cometofinland.fi\/sv\/produkt\/pussel-take-some-finland-by-omar-escalante\/#primaryimage"},"thumbnailUrl":"https:\/\/cometofinland.fi\/wp-content\/uploads\/2025\/07\/Travel-poster-Take-some-Finland-puzzle-100-pieces-puz-22215.png","datePublished":"2024-07-03T06:07:41+00:00","dateModified":"2025-07-03T06:37:36+00:00","description":"Finland \u00e4r f\u00f6r de dj\u00e4rva! Vi andra kan l\u00e4gga ett pussel och njuta av vinterbad den v\u00e4gen. Med detta 1000 bitars vinterpussel blir det svettigt \u00e5ret runt.","breadcrumb":{"@id":"https:\/\/cometofinland.fi\/sv\/produkt\/pussel-take-some-finland-by-omar-escalante\/#breadcrumb"},"inLanguage":"sv-SE","potentialAction":[{"@type":"ReadAction","target":["https:\/\/cometofinland.fi\/sv\/produkt\/pussel-take-some-finland-by-omar-escalante\/"]}]},{"@type":"ImageObject","inLanguage":"sv-SE","@id":"https:\/\/cometofinland.fi\/sv\/produkt\/pussel-take-some-finland-by-omar-escalante\/#primaryimage","url":"https:\/\/cometofinland.fi\/wp-content\/uploads\/2025\/07\/Travel-poster-Take-some-Finland-puzzle-100-pieces-puz-22215.png","contentUrl":"https:\/\/cometofinland.fi\/wp-content\/uploads\/2025\/07\/Travel-poster-Take-some-Finland-puzzle-100-pieces-puz-22215.png","width":425,"height":772},{"@type":"BreadcrumbList","@id":"https:\/\/cometofinland.fi\/sv\/produkt\/pussel-take-some-finland-by-omar-escalante\/#breadcrumb","itemListElement":[{"@type":"ListItem","position":1,"name":"Home","item":"https:\/\/cometofinland.fi\/sv\/"},{"@type":"ListItem","position":2,"name":"Butik","item":"https:\/\/cometofinland.fi\/sv\/butik\/"},{"@type":"ListItem","position":3,"name":"Pussel: Take Some Finland by Omar Escalante"}]},{"@type":"WebSite","@id":"https:\/\/cometofinland.fi\/sv\/#website","url":"https:\/\/cometofinland.fi\/sv\/","name":"Come to Finland","description":"Poster love from Finland! We bring new life to vintage travel posters, and also create new images from Finland!","publisher":{"@id":"https:\/\/cometofinland.fi\/sv\/#organization"},"potentialAction":[{"@type":"SearchAction","target":{"@type":"EntryPoint","urlTemplate":"https:\/\/cometofinland.fi\/sv\/?s={search_term_string}"},"query-input":{"@type":"PropertyValueSpecification","valueRequired":true,"valueName":"search_term_string"}}],"inLanguage":"sv-SE"},{"@type":"Organization","@id":"https:\/\/cometofinland.fi\/sv\/#organization","name":"Come to Finland","url":"https:\/\/cometofinland.fi\/sv\/","logo":{"@type":"ImageObject","inLanguage":"sv-SE","@id":"https:\/\/cometofinland.fi\/sv\/#\/schema\/logo\/image\/","url":"https:\/\/cometofinland.fi\/wp-content\/uploads\/2019\/03\/CTF_LOGO_Blue.svg","contentUrl":"https:\/\/cometofinland.fi\/wp-content\/uploads\/2019\/03\/CTF_LOGO_Blue.svg","width":1,"height":1,"caption":"Come to Finland"},"image":{"@id":"https:\/\/cometofinland.fi\/sv\/#\/schema\/logo\/image\/"},"sameAs":["https:\/\/fi-fi.facebook.com\/cometofinland\/","https:\/\/www.instagram.com\/cometofinland\/"]}]}},"_links":{"self":[{"href":"https:\/\/cometofinland.fi\/sv\/wp-json\/wp\/v2\/product\/30294","targetHints":{"allow":["GET"]}}],"collection":[{"href":"https:\/\/cometofinland.fi\/sv\/wp-json\/wp\/v2\/product"}],"about":[{"href":"https:\/\/cometofinland.fi\/sv\/wp-json\/wp\/v2\/types\/product"}],"wp:featuredmedia":[{"embeddable":true,"href":"https:\/\/cometofinland.fi\/sv\/wp-json\/wp\/v2\/media\/30288"}],"wp:attachment":[{"href":"https:\/\/cometofinland.fi\/sv\/wp-json\/wp\/v2\/media?parent=30294"}],"wp:term":[{"taxonomy":"product_brand","embeddable":true,"href":"https:\/\/cometofinland.fi\/sv\/wp-json\/wp\/v2\/product_brand?post=30294"},{"taxonomy":"product_cat","embeddable":true,"href":"https:\/\/cometofinland.fi\/sv\/wp-json\/wp\/v2\/product_cat?post=30294"},{"taxonomy":"product_tag","embeddable":true,"href":"https:\/\/cometofinland.fi\/sv\/wp-json\/wp\/v2\/product_tag?post=30294"}],"curies":[{"name":"wp","href":"https:\/\/api.w.org\/{rel}","templated":true}]}}