{"id":30300,"date":"2025-07-23T09:23:42","date_gmt":"2025-07-23T06:23:42","guid":{"rendered":"https:\/\/cometofinland.fi\/?post_type=product&#038;p=30300"},"modified":"2025-07-03T09:32:26","modified_gmt":"2025-07-03T06:32:26","slug":"pussel-come-to-helsinki-poster","status":"publish","type":"product","link":"https:\/\/cometofinland.fi\/sv\/produkt\/pussel-come-to-helsinki-poster\/","title":{"rendered":"Pussel: Come to Helsinki"},"content":{"rendered":"<p>Sk\u00f6na Helsingfors nu som pussel! Bygg upp \u00d6stersj\u00f6ns p\u00e4rla, bit f\u00f6r bit. (Det finns 1000 bitar.)<\/p>\n<p>Licensprodukt. Tillverkare: Tactic.<\/p>\n<p>Tillverkad i Finland<\/p>\n","protected":false},"excerpt":{"rendered":"<p>Sk\u00f6na Helsingfors nu som pussel! Bygg upp \u00d6stersj\u00f6ns p\u00e4rla, bit f\u00f6r bit. (Det finns 1000 bitar.) Licensprodukt. Tillverkare: Tactic. Tillverkad i Finland<\/p>\n","protected":false},"featured_media":30291,"template":"","meta":{"_acf_changed":false},"product_brand":[],"product_cat":[726,644],"product_tag":[],"class_list":{"0":"post-30300","1":"product","2":"type-product","3":"status-publish","4":"has-post-thumbnail","6":"product_cat-pussel-sv","7":"product_cat-pussel","9":"first","10":"instock","11":"taxable","12":"shipping-taxable","13":"purchasable","14":"product-type-simple"},"acf":[],"yoast_head":"<!-- This site is optimized with the Yoast SEO plugin v27.4 - https:\/\/yoast.com\/product\/yoast-seo-wordpress\/ -->\n<title>Pussel: Come to Helsinki - Come to Finland<\/title>\n<meta name=\"description\" content=\"Med detta Helsingfors-pussel kan du njuta av Finlands huvudstad riktigt rej\u00e4lt. Pusslet har 1000 bitar. Bilden f\u00f6rest\u00e4ller \u00e5rets finl\u00e4ndska reseaffisch.\" \/>\n<meta name=\"robots\" content=\"index, follow, max-snippet:-1, max-image-preview:large, max-video-preview:-1\" \/>\n<link rel=\"canonical\" href=\"https:\/\/cometofinland.fi\/sv\/produkt\/pussel-come-to-helsinki-poster\/\" \/>\n<meta property=\"og:locale\" content=\"sv_SE\" \/>\n<meta property=\"og:type\" content=\"article\" \/>\n<meta property=\"og:title\" content=\"Pussel: Come to Helsinki - Come to Finland\" \/>\n<meta property=\"og:description\" content=\"Med detta Helsingfors-pussel kan du njuta av Finlands huvudstad riktigt rej\u00e4lt. Pusslet har 1000 bitar. Bilden f\u00f6rest\u00e4ller \u00e5rets finl\u00e4ndska reseaffisch.\" \/>\n<meta property=\"og:url\" content=\"https:\/\/cometofinland.fi\/sv\/produkt\/pussel-come-to-helsinki-poster\/\" \/>\n<meta property=\"og:site_name\" content=\"Come to Finland\" \/>\n<meta property=\"article:publisher\" content=\"https:\/\/fi-fi.facebook.com\/cometofinland\/\" \/>\n<meta property=\"og:image\" content=\"https:\/\/cometofinland.fi\/wp-content\/uploads\/2025\/07\/Travel-poster-puzzle-Come-to-Helsinki-PUZ-2325.png\" \/>\n\t<meta property=\"og:image:width\" content=\"437\" \/>\n\t<meta property=\"og:image:height\" content=\"773\" \/>\n\t<meta property=\"og:image:type\" content=\"image\/png\" \/>\n<meta name=\"twitter:card\" content=\"summary_large_image\" \/>\n<script type=\"application\/ld+json\" class=\"yoast-schema-graph\">{\"@context\":\"https:\\\/\\\/schema.org\",\"@graph\":[{\"@type\":\"WebPage\",\"@id\":\"https:\\\/\\\/cometofinland.fi\\\/sv\\\/produkt\\\/pussel-come-to-helsinki-poster\\\/\",\"url\":\"https:\\\/\\\/cometofinland.fi\\\/sv\\\/produkt\\\/pussel-come-to-helsinki-poster\\\/\",\"name\":\"Pussel: Come to Helsinki - Come to Finland\",\"isPartOf\":{\"@id\":\"https:\\\/\\\/cometofinland.fi\\\/sv\\\/#website\"},\"primaryImageOfPage\":{\"@id\":\"https:\\\/\\\/cometofinland.fi\\\/sv\\\/produkt\\\/pussel-come-to-helsinki-poster\\\/#primaryimage\"},\"image\":{\"@id\":\"https:\\\/\\\/cometofinland.fi\\\/sv\\\/produkt\\\/pussel-come-to-helsinki-poster\\\/#primaryimage\"},\"thumbnailUrl\":\"https:\\\/\\\/cometofinland.fi\\\/wp-content\\\/uploads\\\/2025\\\/07\\\/Travel-poster-puzzle-Come-to-Helsinki-PUZ-2325.png\",\"datePublished\":\"2025-07-23T06:23:42+00:00\",\"description\":\"Med detta Helsingfors-pussel kan du njuta av Finlands huvudstad riktigt rej\u00e4lt. Pusslet har 1000 bitar. Bilden f\u00f6rest\u00e4ller \u00e5rets finl\u00e4ndska reseaffisch.\",\"breadcrumb\":{\"@id\":\"https:\\\/\\\/cometofinland.fi\\\/sv\\\/produkt\\\/pussel-come-to-helsinki-poster\\\/#breadcrumb\"},\"inLanguage\":\"sv-SE\",\"potentialAction\":[{\"@type\":\"ReadAction\",\"target\":[\"https:\\\/\\\/cometofinland.fi\\\/sv\\\/produkt\\\/pussel-come-to-helsinki-poster\\\/\"]}]},{\"@type\":\"ImageObject\",\"inLanguage\":\"sv-SE\",\"@id\":\"https:\\\/\\\/cometofinland.fi\\\/sv\\\/produkt\\\/pussel-come-to-helsinki-poster\\\/#primaryimage\",\"url\":\"https:\\\/\\\/cometofinland.fi\\\/wp-content\\\/uploads\\\/2025\\\/07\\\/Travel-poster-puzzle-Come-to-Helsinki-PUZ-2325.png\",\"contentUrl\":\"https:\\\/\\\/cometofinland.fi\\\/wp-content\\\/uploads\\\/2025\\\/07\\\/Travel-poster-puzzle-Come-to-Helsinki-PUZ-2325.png\",\"width\":437,\"height\":773},{\"@type\":\"BreadcrumbList\",\"@id\":\"https:\\\/\\\/cometofinland.fi\\\/sv\\\/produkt\\\/pussel-come-to-helsinki-poster\\\/#breadcrumb\",\"itemListElement\":[{\"@type\":\"ListItem\",\"position\":1,\"name\":\"Home\",\"item\":\"https:\\\/\\\/cometofinland.fi\\\/sv\\\/\"},{\"@type\":\"ListItem\",\"position\":2,\"name\":\"Butik\",\"item\":\"https:\\\/\\\/cometofinland.fi\\\/sv\\\/butik\\\/\"},{\"@type\":\"ListItem\",\"position\":3,\"name\":\"Pussel: Come to Helsinki\"}]},{\"@type\":\"WebSite\",\"@id\":\"https:\\\/\\\/cometofinland.fi\\\/sv\\\/#website\",\"url\":\"https:\\\/\\\/cometofinland.fi\\\/sv\\\/\",\"name\":\"Come to Finland\",\"description\":\"Poster love from Finland! We bring new life to vintage travel posters, and also create new images from Finland!\",\"publisher\":{\"@id\":\"https:\\\/\\\/cometofinland.fi\\\/sv\\\/#organization\"},\"potentialAction\":[{\"@type\":\"SearchAction\",\"target\":{\"@type\":\"EntryPoint\",\"urlTemplate\":\"https:\\\/\\\/cometofinland.fi\\\/sv\\\/?s={search_term_string}\"},\"query-input\":{\"@type\":\"PropertyValueSpecification\",\"valueRequired\":true,\"valueName\":\"search_term_string\"}}],\"inLanguage\":\"sv-SE\"},{\"@type\":\"Organization\",\"@id\":\"https:\\\/\\\/cometofinland.fi\\\/sv\\\/#organization\",\"name\":\"Come to Finland\",\"url\":\"https:\\\/\\\/cometofinland.fi\\\/sv\\\/\",\"logo\":{\"@type\":\"ImageObject\",\"inLanguage\":\"sv-SE\",\"@id\":\"https:\\\/\\\/cometofinland.fi\\\/sv\\\/#\\\/schema\\\/logo\\\/image\\\/\",\"url\":\"https:\\\/\\\/cometofinland.fi\\\/wp-content\\\/uploads\\\/2019\\\/03\\\/CTF_LOGO_Blue.svg\",\"contentUrl\":\"https:\\\/\\\/cometofinland.fi\\\/wp-content\\\/uploads\\\/2019\\\/03\\\/CTF_LOGO_Blue.svg\",\"width\":1,\"height\":1,\"caption\":\"Come to Finland\"},\"image\":{\"@id\":\"https:\\\/\\\/cometofinland.fi\\\/sv\\\/#\\\/schema\\\/logo\\\/image\\\/\"},\"sameAs\":[\"https:\\\/\\\/fi-fi.facebook.com\\\/cometofinland\\\/\",\"https:\\\/\\\/www.instagram.com\\\/cometofinland\\\/\"]}]}<\/script>\n<!-- \/ Yoast SEO plugin. -->","yoast_head_json":{"title":"Pussel: Come to Helsinki - Come to Finland","description":"Med detta Helsingfors-pussel kan du njuta av Finlands huvudstad riktigt rej\u00e4lt. Pusslet har 1000 bitar. Bilden f\u00f6rest\u00e4ller \u00e5rets finl\u00e4ndska reseaffisch.","robots":{"index":"index","follow":"follow","max-snippet":"max-snippet:-1","max-image-preview":"max-image-preview:large","max-video-preview":"max-video-preview:-1"},"canonical":"https:\/\/cometofinland.fi\/sv\/produkt\/pussel-come-to-helsinki-poster\/","og_locale":"sv_SE","og_type":"article","og_title":"Pussel: Come to Helsinki - Come to Finland","og_description":"Med detta Helsingfors-pussel kan du njuta av Finlands huvudstad riktigt rej\u00e4lt. Pusslet har 1000 bitar. Bilden f\u00f6rest\u00e4ller \u00e5rets finl\u00e4ndska reseaffisch.","og_url":"https:\/\/cometofinland.fi\/sv\/produkt\/pussel-come-to-helsinki-poster\/","og_site_name":"Come to Finland","article_publisher":"https:\/\/fi-fi.facebook.com\/cometofinland\/","og_image":[{"width":437,"height":773,"url":"https:\/\/cometofinland.fi\/wp-content\/uploads\/2025\/07\/Travel-poster-puzzle-Come-to-Helsinki-PUZ-2325.png","type":"image\/png"}],"twitter_card":"summary_large_image","schema":{"@context":"https:\/\/schema.org","@graph":[{"@type":"WebPage","@id":"https:\/\/cometofinland.fi\/sv\/produkt\/pussel-come-to-helsinki-poster\/","url":"https:\/\/cometofinland.fi\/sv\/produkt\/pussel-come-to-helsinki-poster\/","name":"Pussel: Come to Helsinki - Come to Finland","isPartOf":{"@id":"https:\/\/cometofinland.fi\/sv\/#website"},"primaryImageOfPage":{"@id":"https:\/\/cometofinland.fi\/sv\/produkt\/pussel-come-to-helsinki-poster\/#primaryimage"},"image":{"@id":"https:\/\/cometofinland.fi\/sv\/produkt\/pussel-come-to-helsinki-poster\/#primaryimage"},"thumbnailUrl":"https:\/\/cometofinland.fi\/wp-content\/uploads\/2025\/07\/Travel-poster-puzzle-Come-to-Helsinki-PUZ-2325.png","datePublished":"2025-07-23T06:23:42+00:00","description":"Med detta Helsingfors-pussel kan du njuta av Finlands huvudstad riktigt rej\u00e4lt. Pusslet har 1000 bitar. Bilden f\u00f6rest\u00e4ller \u00e5rets finl\u00e4ndska reseaffisch.","breadcrumb":{"@id":"https:\/\/cometofinland.fi\/sv\/produkt\/pussel-come-to-helsinki-poster\/#breadcrumb"},"inLanguage":"sv-SE","potentialAction":[{"@type":"ReadAction","target":["https:\/\/cometofinland.fi\/sv\/produkt\/pussel-come-to-helsinki-poster\/"]}]},{"@type":"ImageObject","inLanguage":"sv-SE","@id":"https:\/\/cometofinland.fi\/sv\/produkt\/pussel-come-to-helsinki-poster\/#primaryimage","url":"https:\/\/cometofinland.fi\/wp-content\/uploads\/2025\/07\/Travel-poster-puzzle-Come-to-Helsinki-PUZ-2325.png","contentUrl":"https:\/\/cometofinland.fi\/wp-content\/uploads\/2025\/07\/Travel-poster-puzzle-Come-to-Helsinki-PUZ-2325.png","width":437,"height":773},{"@type":"BreadcrumbList","@id":"https:\/\/cometofinland.fi\/sv\/produkt\/pussel-come-to-helsinki-poster\/#breadcrumb","itemListElement":[{"@type":"ListItem","position":1,"name":"Home","item":"https:\/\/cometofinland.fi\/sv\/"},{"@type":"ListItem","position":2,"name":"Butik","item":"https:\/\/cometofinland.fi\/sv\/butik\/"},{"@type":"ListItem","position":3,"name":"Pussel: Come to Helsinki"}]},{"@type":"WebSite","@id":"https:\/\/cometofinland.fi\/sv\/#website","url":"https:\/\/cometofinland.fi\/sv\/","name":"Come to Finland","description":"Poster love from Finland! We bring new life to vintage travel posters, and also create new images from Finland!","publisher":{"@id":"https:\/\/cometofinland.fi\/sv\/#organization"},"potentialAction":[{"@type":"SearchAction","target":{"@type":"EntryPoint","urlTemplate":"https:\/\/cometofinland.fi\/sv\/?s={search_term_string}"},"query-input":{"@type":"PropertyValueSpecification","valueRequired":true,"valueName":"search_term_string"}}],"inLanguage":"sv-SE"},{"@type":"Organization","@id":"https:\/\/cometofinland.fi\/sv\/#organization","name":"Come to Finland","url":"https:\/\/cometofinland.fi\/sv\/","logo":{"@type":"ImageObject","inLanguage":"sv-SE","@id":"https:\/\/cometofinland.fi\/sv\/#\/schema\/logo\/image\/","url":"https:\/\/cometofinland.fi\/wp-content\/uploads\/2019\/03\/CTF_LOGO_Blue.svg","contentUrl":"https:\/\/cometofinland.fi\/wp-content\/uploads\/2019\/03\/CTF_LOGO_Blue.svg","width":1,"height":1,"caption":"Come to Finland"},"image":{"@id":"https:\/\/cometofinland.fi\/sv\/#\/schema\/logo\/image\/"},"sameAs":["https:\/\/fi-fi.facebook.com\/cometofinland\/","https:\/\/www.instagram.com\/cometofinland\/"]}]}},"_links":{"self":[{"href":"https:\/\/cometofinland.fi\/sv\/wp-json\/wp\/v2\/product\/30300","targetHints":{"allow":["GET"]}}],"collection":[{"href":"https:\/\/cometofinland.fi\/sv\/wp-json\/wp\/v2\/product"}],"about":[{"href":"https:\/\/cometofinland.fi\/sv\/wp-json\/wp\/v2\/types\/product"}],"wp:featuredmedia":[{"embeddable":true,"href":"https:\/\/cometofinland.fi\/sv\/wp-json\/wp\/v2\/media\/30291"}],"wp:attachment":[{"href":"https:\/\/cometofinland.fi\/sv\/wp-json\/wp\/v2\/media?parent=30300"}],"wp:term":[{"taxonomy":"product_brand","embeddable":true,"href":"https:\/\/cometofinland.fi\/sv\/wp-json\/wp\/v2\/product_brand?post=30300"},{"taxonomy":"product_cat","embeddable":true,"href":"https:\/\/cometofinland.fi\/sv\/wp-json\/wp\/v2\/product_cat?post=30300"},{"taxonomy":"product_tag","embeddable":true,"href":"https:\/\/cometofinland.fi\/sv\/wp-json\/wp\/v2\/product_tag?post=30300"}],"curies":[{"name":"wp","href":"https:\/\/api.w.org\/{rel}","templated":true}]}}