{"id":30365,"date":"2023-07-24T13:18:05","date_gmt":"2023-07-24T10:18:05","guid":{"rendered":"https:\/\/cometofinland.fi\/?post_type=product&#038;p=30365"},"modified":"2025-07-24T13:40:20","modified_gmt":"2025-07-24T10:40:20","slug":"finland-lakeland-av-erik-bruun-bricka-20-x-27-cm","status":"publish","type":"product","link":"https:\/\/cometofinland.fi\/sv\/produkt\/finland-lakeland-av-erik-bruun-bricka-20-x-27-cm\/","title":{"rendered":"Finland Lakeland av Erik Bruun Bricka 20 x 27 cm"},"content":{"rendered":"<p>Att resa \u00f6ver Finlands insj\u00f6ar \u00e4r en fest utan slut. Med den h\u00e4r fanerbrickan k\u00e4nner du vibrationerna fr\u00e5n Finlands Lakeland oberoende av var du befinner dig. Brickan t\u00e5l maskindisk. Handgjord av finskt bj\u00f6rktr\u00e4 i Finland.<\/p>\n","protected":false},"excerpt":{"rendered":"<p>Att resa \u00f6ver Finlands insj\u00f6ar \u00e4r en fest utan slut. Med den h\u00e4r fanerbrickan k\u00e4nner du vibrationerna fr\u00e5n Finlands Lakeland oberoende av var du befinner dig. Brickan t\u00e5l maskindisk. Handgjord av finskt bj\u00f6rktr\u00e4 i Finland.<\/p>\n","protected":false},"featured_media":30368,"template":"","meta":{"_acf_changed":false},"product_brand":[],"product_cat":[331,669],"product_tag":[],"class_list":{"0":"post-30365","1":"product","2":"type-product","3":"status-publish","4":"has-post-thumbnail","6":"product_cat-bricka","7":"product_cat-presenttips","9":"first","10":"instock","11":"taxable","12":"shipping-taxable","13":"purchasable","14":"product-type-simple"},"acf":[],"yoast_head":"<!-- This site is optimized with the Yoast SEO plugin v27.3 - https:\/\/yoast.com\/product\/yoast-seo-wordpress\/ -->\n<title>Finland Lakeland av Erik Bruun Bricka 20 x 27 cm - Come to Finland<\/title>\n<meta name=\"description\" content=\"\u00c4lskar du Finlands insj\u00f6ar? D\u00e5 \u00e4r den h\u00e4r tr\u00e4brickan n\u00e5got f\u00f6r dig. Illustrationen \u00e4r en vintageaffisch av legendaren Erik Bruun. Snabb leverans!\" \/>\n<meta name=\"robots\" content=\"index, follow, max-snippet:-1, max-image-preview:large, max-video-preview:-1\" \/>\n<link rel=\"canonical\" href=\"https:\/\/cometofinland.fi\/sv\/produkt\/finland-lakeland-av-erik-bruun-bricka-20-x-27-cm\/\" \/>\n<meta property=\"og:locale\" content=\"sv_SE\" \/>\n<meta property=\"og:type\" content=\"article\" \/>\n<meta property=\"og:title\" content=\"Finland Lakeland av Erik Bruun Bricka 20 x 27 cm - Come to Finland\" \/>\n<meta property=\"og:description\" content=\"\u00c4lskar du Finlands insj\u00f6ar? D\u00e5 \u00e4r den h\u00e4r tr\u00e4brickan n\u00e5got f\u00f6r dig. Illustrationen \u00e4r en vintageaffisch av legendaren Erik Bruun. Snabb leverans!\" \/>\n<meta property=\"og:url\" content=\"https:\/\/cometofinland.fi\/sv\/produkt\/finland-lakeland-av-erik-bruun-bricka-20-x-27-cm\/\" \/>\n<meta property=\"og:site_name\" content=\"Come to Finland\" \/>\n<meta property=\"article:publisher\" content=\"https:\/\/fi-fi.facebook.com\/cometofinland\/\" \/>\n<meta property=\"article:modified_time\" content=\"2025-07-24T10:40:20+00:00\" \/>\n<meta property=\"og:image\" content=\"https:\/\/cometofinland.fi\/wp-content\/uploads\/2025\/07\/Lakeland-Finland-travel-poster-wooden-trayTR-166.jpg\" \/>\n\t<meta property=\"og:image:width\" content=\"1358\" \/>\n\t<meta property=\"og:image:height\" content=\"1771\" \/>\n\t<meta property=\"og:image:type\" content=\"image\/jpeg\" \/>\n<meta name=\"twitter:card\" content=\"summary_large_image\" \/>\n<script type=\"application\/ld+json\" class=\"yoast-schema-graph\">{\"@context\":\"https:\\\/\\\/schema.org\",\"@graph\":[{\"@type\":\"WebPage\",\"@id\":\"https:\\\/\\\/cometofinland.fi\\\/sv\\\/produkt\\\/finland-lakeland-av-erik-bruun-bricka-20-x-27-cm\\\/\",\"url\":\"https:\\\/\\\/cometofinland.fi\\\/sv\\\/produkt\\\/finland-lakeland-av-erik-bruun-bricka-20-x-27-cm\\\/\",\"name\":\"Finland Lakeland av Erik Bruun Bricka 20 x 27 cm - Come to Finland\",\"isPartOf\":{\"@id\":\"https:\\\/\\\/cometofinland.fi\\\/sv\\\/#website\"},\"primaryImageOfPage\":{\"@id\":\"https:\\\/\\\/cometofinland.fi\\\/sv\\\/produkt\\\/finland-lakeland-av-erik-bruun-bricka-20-x-27-cm\\\/#primaryimage\"},\"image\":{\"@id\":\"https:\\\/\\\/cometofinland.fi\\\/sv\\\/produkt\\\/finland-lakeland-av-erik-bruun-bricka-20-x-27-cm\\\/#primaryimage\"},\"thumbnailUrl\":\"https:\\\/\\\/cometofinland.fi\\\/wp-content\\\/uploads\\\/2025\\\/07\\\/Lakeland-Finland-travel-poster-wooden-trayTR-166.jpg\",\"datePublished\":\"2023-07-24T10:18:05+00:00\",\"dateModified\":\"2025-07-24T10:40:20+00:00\",\"description\":\"\u00c4lskar du Finlands insj\u00f6ar? D\u00e5 \u00e4r den h\u00e4r tr\u00e4brickan n\u00e5got f\u00f6r dig. Illustrationen \u00e4r en vintageaffisch av legendaren Erik Bruun. Snabb leverans!\",\"breadcrumb\":{\"@id\":\"https:\\\/\\\/cometofinland.fi\\\/sv\\\/produkt\\\/finland-lakeland-av-erik-bruun-bricka-20-x-27-cm\\\/#breadcrumb\"},\"inLanguage\":\"sv-SE\",\"potentialAction\":[{\"@type\":\"ReadAction\",\"target\":[\"https:\\\/\\\/cometofinland.fi\\\/sv\\\/produkt\\\/finland-lakeland-av-erik-bruun-bricka-20-x-27-cm\\\/\"]}]},{\"@type\":\"ImageObject\",\"inLanguage\":\"sv-SE\",\"@id\":\"https:\\\/\\\/cometofinland.fi\\\/sv\\\/produkt\\\/finland-lakeland-av-erik-bruun-bricka-20-x-27-cm\\\/#primaryimage\",\"url\":\"https:\\\/\\\/cometofinland.fi\\\/wp-content\\\/uploads\\\/2025\\\/07\\\/Lakeland-Finland-travel-poster-wooden-trayTR-166.jpg\",\"contentUrl\":\"https:\\\/\\\/cometofinland.fi\\\/wp-content\\\/uploads\\\/2025\\\/07\\\/Lakeland-Finland-travel-poster-wooden-trayTR-166.jpg\",\"width\":1358,\"height\":1771},{\"@type\":\"BreadcrumbList\",\"@id\":\"https:\\\/\\\/cometofinland.fi\\\/sv\\\/produkt\\\/finland-lakeland-av-erik-bruun-bricka-20-x-27-cm\\\/#breadcrumb\",\"itemListElement\":[{\"@type\":\"ListItem\",\"position\":1,\"name\":\"Home\",\"item\":\"https:\\\/\\\/cometofinland.fi\\\/sv\\\/\"},{\"@type\":\"ListItem\",\"position\":2,\"name\":\"Butik\",\"item\":\"https:\\\/\\\/cometofinland.fi\\\/sv\\\/butik\\\/\"},{\"@type\":\"ListItem\",\"position\":3,\"name\":\"Finland Lakeland av Erik Bruun Bricka 20 x 27 cm\"}]},{\"@type\":\"WebSite\",\"@id\":\"https:\\\/\\\/cometofinland.fi\\\/sv\\\/#website\",\"url\":\"https:\\\/\\\/cometofinland.fi\\\/sv\\\/\",\"name\":\"Come to Finland\",\"description\":\"Poster love from Finland! We bring new life to vintage travel posters, and also create new images from Finland!\",\"publisher\":{\"@id\":\"https:\\\/\\\/cometofinland.fi\\\/sv\\\/#organization\"},\"potentialAction\":[{\"@type\":\"SearchAction\",\"target\":{\"@type\":\"EntryPoint\",\"urlTemplate\":\"https:\\\/\\\/cometofinland.fi\\\/sv\\\/?s={search_term_string}\"},\"query-input\":{\"@type\":\"PropertyValueSpecification\",\"valueRequired\":true,\"valueName\":\"search_term_string\"}}],\"inLanguage\":\"sv-SE\"},{\"@type\":\"Organization\",\"@id\":\"https:\\\/\\\/cometofinland.fi\\\/sv\\\/#organization\",\"name\":\"Come to Finland\",\"url\":\"https:\\\/\\\/cometofinland.fi\\\/sv\\\/\",\"logo\":{\"@type\":\"ImageObject\",\"inLanguage\":\"sv-SE\",\"@id\":\"https:\\\/\\\/cometofinland.fi\\\/sv\\\/#\\\/schema\\\/logo\\\/image\\\/\",\"url\":\"https:\\\/\\\/cometofinland.fi\\\/wp-content\\\/uploads\\\/2019\\\/03\\\/CTF_LOGO_Blue.svg\",\"contentUrl\":\"https:\\\/\\\/cometofinland.fi\\\/wp-content\\\/uploads\\\/2019\\\/03\\\/CTF_LOGO_Blue.svg\",\"width\":1,\"height\":1,\"caption\":\"Come to Finland\"},\"image\":{\"@id\":\"https:\\\/\\\/cometofinland.fi\\\/sv\\\/#\\\/schema\\\/logo\\\/image\\\/\"},\"sameAs\":[\"https:\\\/\\\/fi-fi.facebook.com\\\/cometofinland\\\/\",\"https:\\\/\\\/www.instagram.com\\\/cometofinland\\\/\"]}]}<\/script>\n<!-- \/ Yoast SEO plugin. -->","yoast_head_json":{"title":"Finland Lakeland av Erik Bruun Bricka 20 x 27 cm - Come to Finland","description":"\u00c4lskar du Finlands insj\u00f6ar? D\u00e5 \u00e4r den h\u00e4r tr\u00e4brickan n\u00e5got f\u00f6r dig. Illustrationen \u00e4r en vintageaffisch av legendaren Erik Bruun. Snabb leverans!","robots":{"index":"index","follow":"follow","max-snippet":"max-snippet:-1","max-image-preview":"max-image-preview:large","max-video-preview":"max-video-preview:-1"},"canonical":"https:\/\/cometofinland.fi\/sv\/produkt\/finland-lakeland-av-erik-bruun-bricka-20-x-27-cm\/","og_locale":"sv_SE","og_type":"article","og_title":"Finland Lakeland av Erik Bruun Bricka 20 x 27 cm - Come to Finland","og_description":"\u00c4lskar du Finlands insj\u00f6ar? D\u00e5 \u00e4r den h\u00e4r tr\u00e4brickan n\u00e5got f\u00f6r dig. Illustrationen \u00e4r en vintageaffisch av legendaren Erik Bruun. Snabb leverans!","og_url":"https:\/\/cometofinland.fi\/sv\/produkt\/finland-lakeland-av-erik-bruun-bricka-20-x-27-cm\/","og_site_name":"Come to Finland","article_publisher":"https:\/\/fi-fi.facebook.com\/cometofinland\/","article_modified_time":"2025-07-24T10:40:20+00:00","og_image":[{"width":1358,"height":1771,"url":"https:\/\/cometofinland.fi\/wp-content\/uploads\/2025\/07\/Lakeland-Finland-travel-poster-wooden-trayTR-166.jpg","type":"image\/jpeg"}],"twitter_card":"summary_large_image","schema":{"@context":"https:\/\/schema.org","@graph":[{"@type":"WebPage","@id":"https:\/\/cometofinland.fi\/sv\/produkt\/finland-lakeland-av-erik-bruun-bricka-20-x-27-cm\/","url":"https:\/\/cometofinland.fi\/sv\/produkt\/finland-lakeland-av-erik-bruun-bricka-20-x-27-cm\/","name":"Finland Lakeland av Erik Bruun Bricka 20 x 27 cm - Come to Finland","isPartOf":{"@id":"https:\/\/cometofinland.fi\/sv\/#website"},"primaryImageOfPage":{"@id":"https:\/\/cometofinland.fi\/sv\/produkt\/finland-lakeland-av-erik-bruun-bricka-20-x-27-cm\/#primaryimage"},"image":{"@id":"https:\/\/cometofinland.fi\/sv\/produkt\/finland-lakeland-av-erik-bruun-bricka-20-x-27-cm\/#primaryimage"},"thumbnailUrl":"https:\/\/cometofinland.fi\/wp-content\/uploads\/2025\/07\/Lakeland-Finland-travel-poster-wooden-trayTR-166.jpg","datePublished":"2023-07-24T10:18:05+00:00","dateModified":"2025-07-24T10:40:20+00:00","description":"\u00c4lskar du Finlands insj\u00f6ar? D\u00e5 \u00e4r den h\u00e4r tr\u00e4brickan n\u00e5got f\u00f6r dig. Illustrationen \u00e4r en vintageaffisch av legendaren Erik Bruun. Snabb leverans!","breadcrumb":{"@id":"https:\/\/cometofinland.fi\/sv\/produkt\/finland-lakeland-av-erik-bruun-bricka-20-x-27-cm\/#breadcrumb"},"inLanguage":"sv-SE","potentialAction":[{"@type":"ReadAction","target":["https:\/\/cometofinland.fi\/sv\/produkt\/finland-lakeland-av-erik-bruun-bricka-20-x-27-cm\/"]}]},{"@type":"ImageObject","inLanguage":"sv-SE","@id":"https:\/\/cometofinland.fi\/sv\/produkt\/finland-lakeland-av-erik-bruun-bricka-20-x-27-cm\/#primaryimage","url":"https:\/\/cometofinland.fi\/wp-content\/uploads\/2025\/07\/Lakeland-Finland-travel-poster-wooden-trayTR-166.jpg","contentUrl":"https:\/\/cometofinland.fi\/wp-content\/uploads\/2025\/07\/Lakeland-Finland-travel-poster-wooden-trayTR-166.jpg","width":1358,"height":1771},{"@type":"BreadcrumbList","@id":"https:\/\/cometofinland.fi\/sv\/produkt\/finland-lakeland-av-erik-bruun-bricka-20-x-27-cm\/#breadcrumb","itemListElement":[{"@type":"ListItem","position":1,"name":"Home","item":"https:\/\/cometofinland.fi\/sv\/"},{"@type":"ListItem","position":2,"name":"Butik","item":"https:\/\/cometofinland.fi\/sv\/butik\/"},{"@type":"ListItem","position":3,"name":"Finland Lakeland av Erik Bruun Bricka 20 x 27 cm"}]},{"@type":"WebSite","@id":"https:\/\/cometofinland.fi\/sv\/#website","url":"https:\/\/cometofinland.fi\/sv\/","name":"Come to Finland","description":"Poster love from Finland! We bring new life to vintage travel posters, and also create new images from Finland!","publisher":{"@id":"https:\/\/cometofinland.fi\/sv\/#organization"},"potentialAction":[{"@type":"SearchAction","target":{"@type":"EntryPoint","urlTemplate":"https:\/\/cometofinland.fi\/sv\/?s={search_term_string}"},"query-input":{"@type":"PropertyValueSpecification","valueRequired":true,"valueName":"search_term_string"}}],"inLanguage":"sv-SE"},{"@type":"Organization","@id":"https:\/\/cometofinland.fi\/sv\/#organization","name":"Come to Finland","url":"https:\/\/cometofinland.fi\/sv\/","logo":{"@type":"ImageObject","inLanguage":"sv-SE","@id":"https:\/\/cometofinland.fi\/sv\/#\/schema\/logo\/image\/","url":"https:\/\/cometofinland.fi\/wp-content\/uploads\/2019\/03\/CTF_LOGO_Blue.svg","contentUrl":"https:\/\/cometofinland.fi\/wp-content\/uploads\/2019\/03\/CTF_LOGO_Blue.svg","width":1,"height":1,"caption":"Come to Finland"},"image":{"@id":"https:\/\/cometofinland.fi\/sv\/#\/schema\/logo\/image\/"},"sameAs":["https:\/\/fi-fi.facebook.com\/cometofinland\/","https:\/\/www.instagram.com\/cometofinland\/"]}]}},"_links":{"self":[{"href":"https:\/\/cometofinland.fi\/sv\/wp-json\/wp\/v2\/product\/30365","targetHints":{"allow":["GET"]}}],"collection":[{"href":"https:\/\/cometofinland.fi\/sv\/wp-json\/wp\/v2\/product"}],"about":[{"href":"https:\/\/cometofinland.fi\/sv\/wp-json\/wp\/v2\/types\/product"}],"wp:featuredmedia":[{"embeddable":true,"href":"https:\/\/cometofinland.fi\/sv\/wp-json\/wp\/v2\/media\/30368"}],"wp:attachment":[{"href":"https:\/\/cometofinland.fi\/sv\/wp-json\/wp\/v2\/media?parent=30365"}],"wp:term":[{"taxonomy":"product_brand","embeddable":true,"href":"https:\/\/cometofinland.fi\/sv\/wp-json\/wp\/v2\/product_brand?post=30365"},{"taxonomy":"product_cat","embeddable":true,"href":"https:\/\/cometofinland.fi\/sv\/wp-json\/wp\/v2\/product_cat?post=30365"},{"taxonomy":"product_tag","embeddable":true,"href":"https:\/\/cometofinland.fi\/sv\/wp-json\/wp\/v2\/product_tag?post=30365"}],"curies":[{"name":"wp","href":"https:\/\/api.w.org\/{rel}","templated":true}]}}