{"id":30810,"date":"2024-12-03T09:21:40","date_gmt":"2024-12-03T07:21:40","guid":{"rendered":"https:\/\/cometofinland.fi\/?post_type=product&#038;p=30810"},"modified":"2025-12-03T09:32:39","modified_gmt":"2025-12-03T07:32:39","slug":"emaljmugg-finland-for-wintersports","status":"publish","type":"product","link":"https:\/\/cometofinland.fi\/sv\/produkt\/emaljmugg-finland-for-wintersports\/","title":{"rendered":"Emaljmugg: Finland for Wintersports"},"content":{"rendered":"<p data-start=\"68\" data-end=\"499\">Varje stilfullt hem f\u00f6rtj\u00e4nar klassiska emaljmuggar. Det \u00e4r d\u00e4rf\u00f6r vi \u00e5kte till Ukraina f\u00f6r att hitta en ny samarbetspartner. Och l\u00e5ngt i \u00f6ster fann vi en fantastisk fabrik som anv\u00e4nder traditionella metoder f\u00f6r att tillverka just de emaljprodukter vi letade efter.<br data-start=\"335\" data-end=\"338\" \/>Fabriken h\u00e5ller tappert produktionen i g\u00e5ng trots krigets fruktansv\u00e4rda vardag. Det vill vi st\u00f6dja \u2013 och vi hoppas att du ocks\u00e5 g\u00f6r det. Tillsammans \u00e4r vi starka!<\/p>\n<p data-start=\"501\" data-end=\"608\"><strong>Storlek:<\/strong> 0,4 liter<br data-start=\"519\" data-end=\"522\" \/><strong>Diameter:<\/strong> 10 cm<br data-start=\"537\" data-end=\"540\" \/><strong>Tillverkad i Ukraina<\/strong><br data-start=\"560\" data-end=\"563\" \/>T\u00e5l diskmaskin<br data-start=\"577\" data-end=\"580\" \/>F\u00e5r ej s\u00e4ttas i mikrov\u00e5gsugn<\/p>\n","protected":false},"excerpt":{"rendered":"<p>Varje stilfullt hem f\u00f6rtj\u00e4nar klassiska emaljmuggar. Det \u00e4r d\u00e4rf\u00f6r vi \u00e5kte till Ukraina f\u00f6r att hitta en ny samarbetspartner. Och l\u00e5ngt i \u00f6ster fann vi en fantastisk fabrik som anv\u00e4nder traditionella metoder f\u00f6r att tillverka just de emaljprodukter vi letade efter.Fabriken h\u00e5ller tappert produktionen i g\u00e5ng trots krigets fruktansv\u00e4rda vardag. Det vill vi st\u00f6dja \u2013 [&hellip;]<\/p>\n","protected":false},"featured_media":30802,"template":"","meta":{"_acf_changed":false},"product_brand":[],"product_cat":[631],"product_tag":[],"class_list":{"0":"post-30810","1":"product","2":"type-product","3":"status-publish","4":"has-post-thumbnail","6":"product_cat-muggar","8":"first","9":"instock","10":"featured","11":"taxable","12":"shipping-taxable","13":"purchasable","14":"product-type-simple"},"acf":[],"yoast_head":"<!-- This site is optimized with the Yoast SEO plugin v27.4 - https:\/\/yoast.com\/product\/yoast-seo-wordpress\/ -->\n<title>Emaljmugg: Finland for Wintersports - Come to Finland<\/title>\n<meta name=\"description\" content=\"Vintage-stil! Med denna klassiska poster-emaljmugg firar du Finland \u2013 Land of Wintersports \u2013 varje dag. Tillverkad med stolthet i Ukraina!\" \/>\n<meta name=\"robots\" content=\"index, follow, max-snippet:-1, max-image-preview:large, max-video-preview:-1\" \/>\n<link rel=\"canonical\" href=\"https:\/\/cometofinland.fi\/sv\/produkt\/emaljmugg-finland-for-wintersports\/\" \/>\n<meta property=\"og:locale\" content=\"sv_SE\" \/>\n<meta property=\"og:type\" content=\"article\" \/>\n<meta property=\"og:title\" content=\"Emaljmugg: Finland for Wintersports - Come to Finland\" \/>\n<meta property=\"og:description\" content=\"Vintage-stil! Med denna klassiska poster-emaljmugg firar du Finland \u2013 Land of Wintersports \u2013 varje dag. Tillverkad med stolthet i Ukraina!\" \/>\n<meta property=\"og:url\" content=\"https:\/\/cometofinland.fi\/sv\/produkt\/emaljmugg-finland-for-wintersports\/\" \/>\n<meta property=\"og:site_name\" content=\"Come to Finland\" \/>\n<meta property=\"article:publisher\" content=\"https:\/\/fi-fi.facebook.com\/cometofinland\/\" \/>\n<meta property=\"article:modified_time\" content=\"2025-12-03T07:32:39+00:00\" \/>\n<meta property=\"og:image\" content=\"https:\/\/cometofinland.fi\/wp-content\/uploads\/2025\/12\/Come-to-Finland-enamel-mug-27-front.jpeg\" \/>\n\t<meta property=\"og:image:width\" content=\"899\" \/>\n\t<meta property=\"og:image:height\" content=\"886\" \/>\n\t<meta property=\"og:image:type\" content=\"image\/jpeg\" \/>\n<meta name=\"twitter:card\" content=\"summary_large_image\" \/>\n<script type=\"application\/ld+json\" class=\"yoast-schema-graph\">{\"@context\":\"https:\\\/\\\/schema.org\",\"@graph\":[{\"@type\":\"WebPage\",\"@id\":\"https:\\\/\\\/cometofinland.fi\\\/sv\\\/produkt\\\/emaljmugg-finland-for-wintersports\\\/\",\"url\":\"https:\\\/\\\/cometofinland.fi\\\/sv\\\/produkt\\\/emaljmugg-finland-for-wintersports\\\/\",\"name\":\"Emaljmugg: Finland for Wintersports - Come to Finland\",\"isPartOf\":{\"@id\":\"https:\\\/\\\/cometofinland.fi\\\/sv\\\/#website\"},\"primaryImageOfPage\":{\"@id\":\"https:\\\/\\\/cometofinland.fi\\\/sv\\\/produkt\\\/emaljmugg-finland-for-wintersports\\\/#primaryimage\"},\"image\":{\"@id\":\"https:\\\/\\\/cometofinland.fi\\\/sv\\\/produkt\\\/emaljmugg-finland-for-wintersports\\\/#primaryimage\"},\"thumbnailUrl\":\"https:\\\/\\\/cometofinland.fi\\\/wp-content\\\/uploads\\\/2025\\\/12\\\/Come-to-Finland-enamel-mug-27-front.jpeg\",\"datePublished\":\"2024-12-03T07:21:40+00:00\",\"dateModified\":\"2025-12-03T07:32:39+00:00\",\"description\":\"Vintage-stil! Med denna klassiska poster-emaljmugg firar du Finland \u2013 Land of Wintersports \u2013 varje dag. Tillverkad med stolthet i Ukraina!\",\"breadcrumb\":{\"@id\":\"https:\\\/\\\/cometofinland.fi\\\/sv\\\/produkt\\\/emaljmugg-finland-for-wintersports\\\/#breadcrumb\"},\"inLanguage\":\"sv-SE\",\"potentialAction\":[{\"@type\":\"ReadAction\",\"target\":[\"https:\\\/\\\/cometofinland.fi\\\/sv\\\/produkt\\\/emaljmugg-finland-for-wintersports\\\/\"]}]},{\"@type\":\"ImageObject\",\"inLanguage\":\"sv-SE\",\"@id\":\"https:\\\/\\\/cometofinland.fi\\\/sv\\\/produkt\\\/emaljmugg-finland-for-wintersports\\\/#primaryimage\",\"url\":\"https:\\\/\\\/cometofinland.fi\\\/wp-content\\\/uploads\\\/2025\\\/12\\\/Come-to-Finland-enamel-mug-27-front.jpeg\",\"contentUrl\":\"https:\\\/\\\/cometofinland.fi\\\/wp-content\\\/uploads\\\/2025\\\/12\\\/Come-to-Finland-enamel-mug-27-front.jpeg\",\"width\":899,\"height\":886},{\"@type\":\"BreadcrumbList\",\"@id\":\"https:\\\/\\\/cometofinland.fi\\\/sv\\\/produkt\\\/emaljmugg-finland-for-wintersports\\\/#breadcrumb\",\"itemListElement\":[{\"@type\":\"ListItem\",\"position\":1,\"name\":\"Home\",\"item\":\"https:\\\/\\\/cometofinland.fi\\\/sv\\\/\"},{\"@type\":\"ListItem\",\"position\":2,\"name\":\"Butik\",\"item\":\"https:\\\/\\\/cometofinland.fi\\\/sv\\\/butik\\\/\"},{\"@type\":\"ListItem\",\"position\":3,\"name\":\"Emaljmugg: Finland for Wintersports\"}]},{\"@type\":\"WebSite\",\"@id\":\"https:\\\/\\\/cometofinland.fi\\\/sv\\\/#website\",\"url\":\"https:\\\/\\\/cometofinland.fi\\\/sv\\\/\",\"name\":\"Come to Finland\",\"description\":\"Poster love from Finland! We bring new life to vintage travel posters, and also create new images from Finland!\",\"publisher\":{\"@id\":\"https:\\\/\\\/cometofinland.fi\\\/sv\\\/#organization\"},\"potentialAction\":[{\"@type\":\"SearchAction\",\"target\":{\"@type\":\"EntryPoint\",\"urlTemplate\":\"https:\\\/\\\/cometofinland.fi\\\/sv\\\/?s={search_term_string}\"},\"query-input\":{\"@type\":\"PropertyValueSpecification\",\"valueRequired\":true,\"valueName\":\"search_term_string\"}}],\"inLanguage\":\"sv-SE\"},{\"@type\":\"Organization\",\"@id\":\"https:\\\/\\\/cometofinland.fi\\\/sv\\\/#organization\",\"name\":\"Come to Finland\",\"url\":\"https:\\\/\\\/cometofinland.fi\\\/sv\\\/\",\"logo\":{\"@type\":\"ImageObject\",\"inLanguage\":\"sv-SE\",\"@id\":\"https:\\\/\\\/cometofinland.fi\\\/sv\\\/#\\\/schema\\\/logo\\\/image\\\/\",\"url\":\"https:\\\/\\\/cometofinland.fi\\\/wp-content\\\/uploads\\\/2019\\\/03\\\/CTF_LOGO_Blue.svg\",\"contentUrl\":\"https:\\\/\\\/cometofinland.fi\\\/wp-content\\\/uploads\\\/2019\\\/03\\\/CTF_LOGO_Blue.svg\",\"width\":1,\"height\":1,\"caption\":\"Come to Finland\"},\"image\":{\"@id\":\"https:\\\/\\\/cometofinland.fi\\\/sv\\\/#\\\/schema\\\/logo\\\/image\\\/\"},\"sameAs\":[\"https:\\\/\\\/fi-fi.facebook.com\\\/cometofinland\\\/\",\"https:\\\/\\\/www.instagram.com\\\/cometofinland\\\/\"]}]}<\/script>\n<!-- \/ Yoast SEO plugin. -->","yoast_head_json":{"title":"Emaljmugg: Finland for Wintersports - Come to Finland","description":"Vintage-stil! Med denna klassiska poster-emaljmugg firar du Finland \u2013 Land of Wintersports \u2013 varje dag. Tillverkad med stolthet i Ukraina!","robots":{"index":"index","follow":"follow","max-snippet":"max-snippet:-1","max-image-preview":"max-image-preview:large","max-video-preview":"max-video-preview:-1"},"canonical":"https:\/\/cometofinland.fi\/sv\/produkt\/emaljmugg-finland-for-wintersports\/","og_locale":"sv_SE","og_type":"article","og_title":"Emaljmugg: Finland for Wintersports - Come to Finland","og_description":"Vintage-stil! Med denna klassiska poster-emaljmugg firar du Finland \u2013 Land of Wintersports \u2013 varje dag. Tillverkad med stolthet i Ukraina!","og_url":"https:\/\/cometofinland.fi\/sv\/produkt\/emaljmugg-finland-for-wintersports\/","og_site_name":"Come to Finland","article_publisher":"https:\/\/fi-fi.facebook.com\/cometofinland\/","article_modified_time":"2025-12-03T07:32:39+00:00","og_image":[{"width":899,"height":886,"url":"https:\/\/cometofinland.fi\/wp-content\/uploads\/2025\/12\/Come-to-Finland-enamel-mug-27-front.jpeg","type":"image\/jpeg"}],"twitter_card":"summary_large_image","schema":{"@context":"https:\/\/schema.org","@graph":[{"@type":"WebPage","@id":"https:\/\/cometofinland.fi\/sv\/produkt\/emaljmugg-finland-for-wintersports\/","url":"https:\/\/cometofinland.fi\/sv\/produkt\/emaljmugg-finland-for-wintersports\/","name":"Emaljmugg: Finland for Wintersports - Come to Finland","isPartOf":{"@id":"https:\/\/cometofinland.fi\/sv\/#website"},"primaryImageOfPage":{"@id":"https:\/\/cometofinland.fi\/sv\/produkt\/emaljmugg-finland-for-wintersports\/#primaryimage"},"image":{"@id":"https:\/\/cometofinland.fi\/sv\/produkt\/emaljmugg-finland-for-wintersports\/#primaryimage"},"thumbnailUrl":"https:\/\/cometofinland.fi\/wp-content\/uploads\/2025\/12\/Come-to-Finland-enamel-mug-27-front.jpeg","datePublished":"2024-12-03T07:21:40+00:00","dateModified":"2025-12-03T07:32:39+00:00","description":"Vintage-stil! Med denna klassiska poster-emaljmugg firar du Finland \u2013 Land of Wintersports \u2013 varje dag. Tillverkad med stolthet i Ukraina!","breadcrumb":{"@id":"https:\/\/cometofinland.fi\/sv\/produkt\/emaljmugg-finland-for-wintersports\/#breadcrumb"},"inLanguage":"sv-SE","potentialAction":[{"@type":"ReadAction","target":["https:\/\/cometofinland.fi\/sv\/produkt\/emaljmugg-finland-for-wintersports\/"]}]},{"@type":"ImageObject","inLanguage":"sv-SE","@id":"https:\/\/cometofinland.fi\/sv\/produkt\/emaljmugg-finland-for-wintersports\/#primaryimage","url":"https:\/\/cometofinland.fi\/wp-content\/uploads\/2025\/12\/Come-to-Finland-enamel-mug-27-front.jpeg","contentUrl":"https:\/\/cometofinland.fi\/wp-content\/uploads\/2025\/12\/Come-to-Finland-enamel-mug-27-front.jpeg","width":899,"height":886},{"@type":"BreadcrumbList","@id":"https:\/\/cometofinland.fi\/sv\/produkt\/emaljmugg-finland-for-wintersports\/#breadcrumb","itemListElement":[{"@type":"ListItem","position":1,"name":"Home","item":"https:\/\/cometofinland.fi\/sv\/"},{"@type":"ListItem","position":2,"name":"Butik","item":"https:\/\/cometofinland.fi\/sv\/butik\/"},{"@type":"ListItem","position":3,"name":"Emaljmugg: Finland for Wintersports"}]},{"@type":"WebSite","@id":"https:\/\/cometofinland.fi\/sv\/#website","url":"https:\/\/cometofinland.fi\/sv\/","name":"Come to Finland","description":"Poster love from Finland! We bring new life to vintage travel posters, and also create new images from Finland!","publisher":{"@id":"https:\/\/cometofinland.fi\/sv\/#organization"},"potentialAction":[{"@type":"SearchAction","target":{"@type":"EntryPoint","urlTemplate":"https:\/\/cometofinland.fi\/sv\/?s={search_term_string}"},"query-input":{"@type":"PropertyValueSpecification","valueRequired":true,"valueName":"search_term_string"}}],"inLanguage":"sv-SE"},{"@type":"Organization","@id":"https:\/\/cometofinland.fi\/sv\/#organization","name":"Come to Finland","url":"https:\/\/cometofinland.fi\/sv\/","logo":{"@type":"ImageObject","inLanguage":"sv-SE","@id":"https:\/\/cometofinland.fi\/sv\/#\/schema\/logo\/image\/","url":"https:\/\/cometofinland.fi\/wp-content\/uploads\/2019\/03\/CTF_LOGO_Blue.svg","contentUrl":"https:\/\/cometofinland.fi\/wp-content\/uploads\/2019\/03\/CTF_LOGO_Blue.svg","width":1,"height":1,"caption":"Come to Finland"},"image":{"@id":"https:\/\/cometofinland.fi\/sv\/#\/schema\/logo\/image\/"},"sameAs":["https:\/\/fi-fi.facebook.com\/cometofinland\/","https:\/\/www.instagram.com\/cometofinland\/"]}]}},"_links":{"self":[{"href":"https:\/\/cometofinland.fi\/sv\/wp-json\/wp\/v2\/product\/30810","targetHints":{"allow":["GET"]}}],"collection":[{"href":"https:\/\/cometofinland.fi\/sv\/wp-json\/wp\/v2\/product"}],"about":[{"href":"https:\/\/cometofinland.fi\/sv\/wp-json\/wp\/v2\/types\/product"}],"wp:featuredmedia":[{"embeddable":true,"href":"https:\/\/cometofinland.fi\/sv\/wp-json\/wp\/v2\/media\/30802"}],"wp:attachment":[{"href":"https:\/\/cometofinland.fi\/sv\/wp-json\/wp\/v2\/media?parent=30810"}],"wp:term":[{"taxonomy":"product_brand","embeddable":true,"href":"https:\/\/cometofinland.fi\/sv\/wp-json\/wp\/v2\/product_brand?post=30810"},{"taxonomy":"product_cat","embeddable":true,"href":"https:\/\/cometofinland.fi\/sv\/wp-json\/wp\/v2\/product_cat?post=30810"},{"taxonomy":"product_tag","embeddable":true,"href":"https:\/\/cometofinland.fi\/sv\/wp-json\/wp\/v2\/product_tag?post=30810"}],"curies":[{"name":"wp","href":"https:\/\/api.w.org\/{rel}","templated":true}]}}