{"id":3174,"date":"2018-12-17T11:08:08","date_gmt":"2018-12-17T09:08:08","guid":{"rendered":"https:\/\/cometofinland.fi\/product\/come-to-finland-olavinlinna-magnets\/"},"modified":"2020-04-08T14:01:11","modified_gmt":"2020-04-08T11:01:11","slug":"come-to-finland-olavinlinna-magnets","status":"publish","type":"product","link":"https:\/\/cometofinland.fi\/sv\/produkt\/come-to-finland-olavinlinna-magnets\/","title":{"rendered":"Come to Finland &#8211; Olavinlinna, Magnets"},"content":{"rendered":"<p>V\u00e5ra laminerade affischmagneter t\u00e5l flitig anv\u00e4ndning och den starkaste av heml\u00e4ngtan.<\/p>\n<p>Tillverkas i EU.<\/p>\n","protected":false},"excerpt":{"rendered":"<p>V\u00e5ra laminerade affischmagneter t\u00e5l flitig anv\u00e4ndning och den starkaste av heml\u00e4ngtan. Tillverkas i EU.<\/p>\n","protected":false},"featured_media":29940,"template":"","meta":{"_acf_changed":false},"product_brand":[],"product_cat":[597],"product_tag":[],"class_list":{"0":"post-3174","1":"product","2":"type-product","3":"status-publish","4":"has-post-thumbnail","6":"product_cat-kylskapsmagneter","7":"product_shipping_class-brev","9":"first","10":"outofstock","11":"taxable","12":"shipping-taxable","13":"purchasable","14":"product-type-simple"},"acf":[],"yoast_head":"<!-- This site is optimized with the Yoast SEO plugin v27.3 - https:\/\/yoast.com\/product\/yoast-seo-wordpress\/ -->\n<title>Come to Finland - Olavinlinna, Magnets - Come to Finland<\/title>\n<meta name=\"robots\" content=\"index, follow, max-snippet:-1, max-image-preview:large, max-video-preview:-1\" \/>\n<link rel=\"canonical\" href=\"https:\/\/cometofinland.fi\/sv\/produkt\/come-to-finland-olavinlinna-magnets\/\" \/>\n<meta property=\"og:locale\" content=\"sv_SE\" \/>\n<meta property=\"og:type\" content=\"article\" \/>\n<meta property=\"og:title\" content=\"Come to Finland - Olavinlinna, Magnets - Come to Finland\" \/>\n<meta property=\"og:description\" content=\"V\u00e5ra laminerade affischmagneter t\u00e5l flitig anv\u00e4ndning och den starkaste av heml\u00e4ngtan. Tillverkas i EU.\" \/>\n<meta property=\"og:url\" content=\"https:\/\/cometofinland.fi\/sv\/produkt\/come-to-finland-olavinlinna-magnets\/\" \/>\n<meta property=\"og:site_name\" content=\"Come to Finland\" \/>\n<meta property=\"article:publisher\" content=\"https:\/\/fi-fi.facebook.com\/cometofinland\/\" \/>\n<meta property=\"article:modified_time\" content=\"2020-04-08T11:01:11+00:00\" \/>\n<meta property=\"og:image\" content=\"https:\/\/cometofinland.fi\/wp-content\/uploads\/2018\/12\/Olavinlinna-Finland-fridge-magnet-travel-poster-MAG-52.jpeg\" \/>\n\t<meta property=\"og:image:width\" content=\"643\" \/>\n\t<meta property=\"og:image:height\" content=\"938\" \/>\n\t<meta property=\"og:image:type\" content=\"image\/jpeg\" \/>\n<meta name=\"twitter:card\" content=\"summary_large_image\" \/>\n<script type=\"application\/ld+json\" class=\"yoast-schema-graph\">{\"@context\":\"https:\\\/\\\/schema.org\",\"@graph\":[{\"@type\":\"WebPage\",\"@id\":\"https:\\\/\\\/cometofinland.fi\\\/sv\\\/produkt\\\/come-to-finland-olavinlinna-magnets\\\/\",\"url\":\"https:\\\/\\\/cometofinland.fi\\\/sv\\\/produkt\\\/come-to-finland-olavinlinna-magnets\\\/\",\"name\":\"Come to Finland - Olavinlinna, Magnets - Come to Finland\",\"isPartOf\":{\"@id\":\"https:\\\/\\\/cometofinland.fi\\\/sv\\\/#website\"},\"primaryImageOfPage\":{\"@id\":\"https:\\\/\\\/cometofinland.fi\\\/sv\\\/produkt\\\/come-to-finland-olavinlinna-magnets\\\/#primaryimage\"},\"image\":{\"@id\":\"https:\\\/\\\/cometofinland.fi\\\/sv\\\/produkt\\\/come-to-finland-olavinlinna-magnets\\\/#primaryimage\"},\"thumbnailUrl\":\"https:\\\/\\\/cometofinland.fi\\\/wp-content\\\/uploads\\\/2018\\\/12\\\/Olavinlinna-Finland-fridge-magnet-travel-poster-MAG-52.jpeg\",\"datePublished\":\"2018-12-17T09:08:08+00:00\",\"dateModified\":\"2020-04-08T11:01:11+00:00\",\"breadcrumb\":{\"@id\":\"https:\\\/\\\/cometofinland.fi\\\/sv\\\/produkt\\\/come-to-finland-olavinlinna-magnets\\\/#breadcrumb\"},\"inLanguage\":\"sv-SE\",\"potentialAction\":[{\"@type\":\"ReadAction\",\"target\":[\"https:\\\/\\\/cometofinland.fi\\\/sv\\\/produkt\\\/come-to-finland-olavinlinna-magnets\\\/\"]}]},{\"@type\":\"ImageObject\",\"inLanguage\":\"sv-SE\",\"@id\":\"https:\\\/\\\/cometofinland.fi\\\/sv\\\/produkt\\\/come-to-finland-olavinlinna-magnets\\\/#primaryimage\",\"url\":\"https:\\\/\\\/cometofinland.fi\\\/wp-content\\\/uploads\\\/2018\\\/12\\\/Olavinlinna-Finland-fridge-magnet-travel-poster-MAG-52.jpeg\",\"contentUrl\":\"https:\\\/\\\/cometofinland.fi\\\/wp-content\\\/uploads\\\/2018\\\/12\\\/Olavinlinna-Finland-fridge-magnet-travel-poster-MAG-52.jpeg\",\"width\":643,\"height\":938},{\"@type\":\"BreadcrumbList\",\"@id\":\"https:\\\/\\\/cometofinland.fi\\\/sv\\\/produkt\\\/come-to-finland-olavinlinna-magnets\\\/#breadcrumb\",\"itemListElement\":[{\"@type\":\"ListItem\",\"position\":1,\"name\":\"Home\",\"item\":\"https:\\\/\\\/cometofinland.fi\\\/sv\\\/\"},{\"@type\":\"ListItem\",\"position\":2,\"name\":\"Butik\",\"item\":\"https:\\\/\\\/cometofinland.fi\\\/sv\\\/butik\\\/\"},{\"@type\":\"ListItem\",\"position\":3,\"name\":\"Come to Finland &#8211; Olavinlinna, Magnets\"}]},{\"@type\":\"WebSite\",\"@id\":\"https:\\\/\\\/cometofinland.fi\\\/sv\\\/#website\",\"url\":\"https:\\\/\\\/cometofinland.fi\\\/sv\\\/\",\"name\":\"Come to Finland\",\"description\":\"Poster love from Finland! We bring new life to vintage travel posters, and also create new images from Finland!\",\"publisher\":{\"@id\":\"https:\\\/\\\/cometofinland.fi\\\/sv\\\/#organization\"},\"potentialAction\":[{\"@type\":\"SearchAction\",\"target\":{\"@type\":\"EntryPoint\",\"urlTemplate\":\"https:\\\/\\\/cometofinland.fi\\\/sv\\\/?s={search_term_string}\"},\"query-input\":{\"@type\":\"PropertyValueSpecification\",\"valueRequired\":true,\"valueName\":\"search_term_string\"}}],\"inLanguage\":\"sv-SE\"},{\"@type\":\"Organization\",\"@id\":\"https:\\\/\\\/cometofinland.fi\\\/sv\\\/#organization\",\"name\":\"Come to Finland\",\"url\":\"https:\\\/\\\/cometofinland.fi\\\/sv\\\/\",\"logo\":{\"@type\":\"ImageObject\",\"inLanguage\":\"sv-SE\",\"@id\":\"https:\\\/\\\/cometofinland.fi\\\/sv\\\/#\\\/schema\\\/logo\\\/image\\\/\",\"url\":\"https:\\\/\\\/cometofinland.fi\\\/wp-content\\\/uploads\\\/2019\\\/03\\\/CTF_LOGO_Blue.svg\",\"contentUrl\":\"https:\\\/\\\/cometofinland.fi\\\/wp-content\\\/uploads\\\/2019\\\/03\\\/CTF_LOGO_Blue.svg\",\"width\":1,\"height\":1,\"caption\":\"Come to Finland\"},\"image\":{\"@id\":\"https:\\\/\\\/cometofinland.fi\\\/sv\\\/#\\\/schema\\\/logo\\\/image\\\/\"},\"sameAs\":[\"https:\\\/\\\/fi-fi.facebook.com\\\/cometofinland\\\/\",\"https:\\\/\\\/www.instagram.com\\\/cometofinland\\\/\"]}]}<\/script>\n<!-- \/ Yoast SEO plugin. -->","yoast_head_json":{"title":"Come to Finland - Olavinlinna, Magnets - Come to Finland","robots":{"index":"index","follow":"follow","max-snippet":"max-snippet:-1","max-image-preview":"max-image-preview:large","max-video-preview":"max-video-preview:-1"},"canonical":"https:\/\/cometofinland.fi\/sv\/produkt\/come-to-finland-olavinlinna-magnets\/","og_locale":"sv_SE","og_type":"article","og_title":"Come to Finland - Olavinlinna, Magnets - Come to Finland","og_description":"V\u00e5ra laminerade affischmagneter t\u00e5l flitig anv\u00e4ndning och den starkaste av heml\u00e4ngtan. Tillverkas i EU.","og_url":"https:\/\/cometofinland.fi\/sv\/produkt\/come-to-finland-olavinlinna-magnets\/","og_site_name":"Come to Finland","article_publisher":"https:\/\/fi-fi.facebook.com\/cometofinland\/","article_modified_time":"2020-04-08T11:01:11+00:00","og_image":[{"width":643,"height":938,"url":"https:\/\/cometofinland.fi\/wp-content\/uploads\/2018\/12\/Olavinlinna-Finland-fridge-magnet-travel-poster-MAG-52.jpeg","type":"image\/jpeg"}],"twitter_card":"summary_large_image","schema":{"@context":"https:\/\/schema.org","@graph":[{"@type":"WebPage","@id":"https:\/\/cometofinland.fi\/sv\/produkt\/come-to-finland-olavinlinna-magnets\/","url":"https:\/\/cometofinland.fi\/sv\/produkt\/come-to-finland-olavinlinna-magnets\/","name":"Come to Finland - Olavinlinna, Magnets - Come to Finland","isPartOf":{"@id":"https:\/\/cometofinland.fi\/sv\/#website"},"primaryImageOfPage":{"@id":"https:\/\/cometofinland.fi\/sv\/produkt\/come-to-finland-olavinlinna-magnets\/#primaryimage"},"image":{"@id":"https:\/\/cometofinland.fi\/sv\/produkt\/come-to-finland-olavinlinna-magnets\/#primaryimage"},"thumbnailUrl":"https:\/\/cometofinland.fi\/wp-content\/uploads\/2018\/12\/Olavinlinna-Finland-fridge-magnet-travel-poster-MAG-52.jpeg","datePublished":"2018-12-17T09:08:08+00:00","dateModified":"2020-04-08T11:01:11+00:00","breadcrumb":{"@id":"https:\/\/cometofinland.fi\/sv\/produkt\/come-to-finland-olavinlinna-magnets\/#breadcrumb"},"inLanguage":"sv-SE","potentialAction":[{"@type":"ReadAction","target":["https:\/\/cometofinland.fi\/sv\/produkt\/come-to-finland-olavinlinna-magnets\/"]}]},{"@type":"ImageObject","inLanguage":"sv-SE","@id":"https:\/\/cometofinland.fi\/sv\/produkt\/come-to-finland-olavinlinna-magnets\/#primaryimage","url":"https:\/\/cometofinland.fi\/wp-content\/uploads\/2018\/12\/Olavinlinna-Finland-fridge-magnet-travel-poster-MAG-52.jpeg","contentUrl":"https:\/\/cometofinland.fi\/wp-content\/uploads\/2018\/12\/Olavinlinna-Finland-fridge-magnet-travel-poster-MAG-52.jpeg","width":643,"height":938},{"@type":"BreadcrumbList","@id":"https:\/\/cometofinland.fi\/sv\/produkt\/come-to-finland-olavinlinna-magnets\/#breadcrumb","itemListElement":[{"@type":"ListItem","position":1,"name":"Home","item":"https:\/\/cometofinland.fi\/sv\/"},{"@type":"ListItem","position":2,"name":"Butik","item":"https:\/\/cometofinland.fi\/sv\/butik\/"},{"@type":"ListItem","position":3,"name":"Come to Finland &#8211; Olavinlinna, Magnets"}]},{"@type":"WebSite","@id":"https:\/\/cometofinland.fi\/sv\/#website","url":"https:\/\/cometofinland.fi\/sv\/","name":"Come to Finland","description":"Poster love from Finland! We bring new life to vintage travel posters, and also create new images from Finland!","publisher":{"@id":"https:\/\/cometofinland.fi\/sv\/#organization"},"potentialAction":[{"@type":"SearchAction","target":{"@type":"EntryPoint","urlTemplate":"https:\/\/cometofinland.fi\/sv\/?s={search_term_string}"},"query-input":{"@type":"PropertyValueSpecification","valueRequired":true,"valueName":"search_term_string"}}],"inLanguage":"sv-SE"},{"@type":"Organization","@id":"https:\/\/cometofinland.fi\/sv\/#organization","name":"Come to Finland","url":"https:\/\/cometofinland.fi\/sv\/","logo":{"@type":"ImageObject","inLanguage":"sv-SE","@id":"https:\/\/cometofinland.fi\/sv\/#\/schema\/logo\/image\/","url":"https:\/\/cometofinland.fi\/wp-content\/uploads\/2019\/03\/CTF_LOGO_Blue.svg","contentUrl":"https:\/\/cometofinland.fi\/wp-content\/uploads\/2019\/03\/CTF_LOGO_Blue.svg","width":1,"height":1,"caption":"Come to Finland"},"image":{"@id":"https:\/\/cometofinland.fi\/sv\/#\/schema\/logo\/image\/"},"sameAs":["https:\/\/fi-fi.facebook.com\/cometofinland\/","https:\/\/www.instagram.com\/cometofinland\/"]}]}},"_links":{"self":[{"href":"https:\/\/cometofinland.fi\/sv\/wp-json\/wp\/v2\/product\/3174","targetHints":{"allow":["GET"]}}],"collection":[{"href":"https:\/\/cometofinland.fi\/sv\/wp-json\/wp\/v2\/product"}],"about":[{"href":"https:\/\/cometofinland.fi\/sv\/wp-json\/wp\/v2\/types\/product"}],"wp:featuredmedia":[{"embeddable":true,"href":"https:\/\/cometofinland.fi\/sv\/wp-json\/wp\/v2\/media\/29940"}],"wp:attachment":[{"href":"https:\/\/cometofinland.fi\/sv\/wp-json\/wp\/v2\/media?parent=3174"}],"wp:term":[{"taxonomy":"product_brand","embeddable":true,"href":"https:\/\/cometofinland.fi\/sv\/wp-json\/wp\/v2\/product_brand?post=3174"},{"taxonomy":"product_cat","embeddable":true,"href":"https:\/\/cometofinland.fi\/sv\/wp-json\/wp\/v2\/product_cat?post=3174"},{"taxonomy":"product_tag","embeddable":true,"href":"https:\/\/cometofinland.fi\/sv\/wp-json\/wp\/v2\/product_tag?post=3174"}],"curies":[{"name":"wp","href":"https:\/\/api.w.org\/{rel}","templated":true}]}}