{"id":3348,"date":"2022-09-14T13:24:00","date_gmt":"2022-09-14T10:24:00","guid":{"rendered":"https:\/\/cometofinland.fi\/product\/aero-archipelago-a4-size-poster\/"},"modified":"2020-09-08T10:34:16","modified_gmt":"2020-09-08T07:34:16","slug":"aero-archipelago-a4-size-poster","status":"publish","type":"product","link":"https:\/\/cometofinland.fi\/sv\/produkt\/aero-archipelago-a4-size-poster\/","title":{"rendered":"Aero &#8211; Archipelago, A4 size poster"},"content":{"rendered":"<p>Affischen \u00e4r packad f\u00f6r hand av oss, i plastficka med 2 mm:s kartong som st\u00f6d. Papper: H\u00f6gklassigt Munken Lynx Rough 150 g. Pappret uppfyller Svanens krav f\u00f6r milj\u00f6m\u00e4rkning. Tryckt i Finland.<\/p>\n","protected":false},"excerpt":{"rendered":"<p>Affischen \u00e4r packad f\u00f6r hand av oss, i plastficka med 2 mm:s kartong som st\u00f6d. Papper: H\u00f6gklassigt Munken Lynx Rough 150 g. Pappret uppfyller Svanens krav f\u00f6r milj\u00f6m\u00e4rkning. Tryckt i Finland.<\/p>\n","protected":false},"featured_media":10040,"template":"","meta":{"_acf_changed":false},"product_brand":[],"product_cat":[538,542],"product_tag":[],"class_list":{"0":"post-3348","1":"product","2":"type-product","3":"status-publish","4":"has-post-thumbnail","6":"product_cat-vintage-affischer","7":"product_cat-storlek-s-a4-nytryck","9":"first","10":"instock","11":"taxable","12":"shipping-taxable","13":"purchasable","14":"product-type-simple"},"acf":[],"yoast_head":"<!-- This site is optimized with the Yoast SEO plugin v27.3 - https:\/\/yoast.com\/product\/yoast-seo-wordpress\/ -->\n<title>Aero - Archipelago, A4 size poster - Come to Finland<\/title>\n<meta name=\"robots\" content=\"index, follow, max-snippet:-1, max-image-preview:large, max-video-preview:-1\" \/>\n<link rel=\"canonical\" href=\"https:\/\/cometofinland.fi\/sv\/produkt\/aero-archipelago-a4-size-poster\/\" \/>\n<meta property=\"og:locale\" content=\"sv_SE\" \/>\n<meta property=\"og:type\" content=\"article\" \/>\n<meta property=\"og:title\" content=\"Aero - Archipelago, A4 size poster - Come to Finland\" \/>\n<meta property=\"og:description\" content=\"Affischen \u00e4r packad f\u00f6r hand av oss, i plastficka med 2 mm:s kartong som st\u00f6d. Papper: H\u00f6gklassigt Munken Lynx Rough 150 g. Pappret uppfyller Svanens krav f\u00f6r milj\u00f6m\u00e4rkning. Tryckt i Finland.\" \/>\n<meta property=\"og:url\" content=\"https:\/\/cometofinland.fi\/sv\/produkt\/aero-archipelago-a4-size-poster\/\" \/>\n<meta property=\"og:site_name\" content=\"Come to Finland\" \/>\n<meta property=\"article:publisher\" content=\"https:\/\/fi-fi.facebook.com\/cometofinland\/\" \/>\n<meta property=\"og:image\" content=\"https:\/\/cometofinland.fi\/wp-content\/uploads\/2018\/12\/P-A4-127_aero-lo_ram.jpg\" \/>\n\t<meta property=\"og:image:width\" content=\"712\" \/>\n\t<meta property=\"og:image:height\" content=\"999\" \/>\n\t<meta property=\"og:image:type\" content=\"image\/jpeg\" \/>\n<meta name=\"twitter:card\" content=\"summary_large_image\" \/>\n<script type=\"application\/ld+json\" class=\"yoast-schema-graph\">{\"@context\":\"https:\\\/\\\/schema.org\",\"@graph\":[{\"@type\":\"WebPage\",\"@id\":\"https:\\\/\\\/cometofinland.fi\\\/sv\\\/produkt\\\/aero-archipelago-a4-size-poster\\\/\",\"url\":\"https:\\\/\\\/cometofinland.fi\\\/sv\\\/produkt\\\/aero-archipelago-a4-size-poster\\\/\",\"name\":\"Aero - Archipelago, A4 size poster - Come to Finland\",\"isPartOf\":{\"@id\":\"https:\\\/\\\/cometofinland.fi\\\/sv\\\/#website\"},\"primaryImageOfPage\":{\"@id\":\"https:\\\/\\\/cometofinland.fi\\\/sv\\\/produkt\\\/aero-archipelago-a4-size-poster\\\/#primaryimage\"},\"image\":{\"@id\":\"https:\\\/\\\/cometofinland.fi\\\/sv\\\/produkt\\\/aero-archipelago-a4-size-poster\\\/#primaryimage\"},\"thumbnailUrl\":\"https:\\\/\\\/cometofinland.fi\\\/wp-content\\\/uploads\\\/2018\\\/12\\\/P-A4-127_aero-lo_ram.jpg\",\"datePublished\":\"2022-09-14T10:24:00+00:00\",\"breadcrumb\":{\"@id\":\"https:\\\/\\\/cometofinland.fi\\\/sv\\\/produkt\\\/aero-archipelago-a4-size-poster\\\/#breadcrumb\"},\"inLanguage\":\"sv-SE\",\"potentialAction\":[{\"@type\":\"ReadAction\",\"target\":[\"https:\\\/\\\/cometofinland.fi\\\/sv\\\/produkt\\\/aero-archipelago-a4-size-poster\\\/\"]}]},{\"@type\":\"ImageObject\",\"inLanguage\":\"sv-SE\",\"@id\":\"https:\\\/\\\/cometofinland.fi\\\/sv\\\/produkt\\\/aero-archipelago-a4-size-poster\\\/#primaryimage\",\"url\":\"https:\\\/\\\/cometofinland.fi\\\/wp-content\\\/uploads\\\/2018\\\/12\\\/P-A4-127_aero-lo_ram.jpg\",\"contentUrl\":\"https:\\\/\\\/cometofinland.fi\\\/wp-content\\\/uploads\\\/2018\\\/12\\\/P-A4-127_aero-lo_ram.jpg\",\"width\":712,\"height\":999},{\"@type\":\"BreadcrumbList\",\"@id\":\"https:\\\/\\\/cometofinland.fi\\\/sv\\\/produkt\\\/aero-archipelago-a4-size-poster\\\/#breadcrumb\",\"itemListElement\":[{\"@type\":\"ListItem\",\"position\":1,\"name\":\"Home\",\"item\":\"https:\\\/\\\/cometofinland.fi\\\/sv\\\/\"},{\"@type\":\"ListItem\",\"position\":2,\"name\":\"Butik\",\"item\":\"https:\\\/\\\/cometofinland.fi\\\/sv\\\/butik\\\/\"},{\"@type\":\"ListItem\",\"position\":3,\"name\":\"Aero &#8211; Archipelago, A4 size poster\"}]},{\"@type\":\"WebSite\",\"@id\":\"https:\\\/\\\/cometofinland.fi\\\/sv\\\/#website\",\"url\":\"https:\\\/\\\/cometofinland.fi\\\/sv\\\/\",\"name\":\"Come to Finland\",\"description\":\"Poster love from Finland! We bring new life to vintage travel posters, and also create new images from Finland!\",\"publisher\":{\"@id\":\"https:\\\/\\\/cometofinland.fi\\\/sv\\\/#organization\"},\"potentialAction\":[{\"@type\":\"SearchAction\",\"target\":{\"@type\":\"EntryPoint\",\"urlTemplate\":\"https:\\\/\\\/cometofinland.fi\\\/sv\\\/?s={search_term_string}\"},\"query-input\":{\"@type\":\"PropertyValueSpecification\",\"valueRequired\":true,\"valueName\":\"search_term_string\"}}],\"inLanguage\":\"sv-SE\"},{\"@type\":\"Organization\",\"@id\":\"https:\\\/\\\/cometofinland.fi\\\/sv\\\/#organization\",\"name\":\"Come to Finland\",\"url\":\"https:\\\/\\\/cometofinland.fi\\\/sv\\\/\",\"logo\":{\"@type\":\"ImageObject\",\"inLanguage\":\"sv-SE\",\"@id\":\"https:\\\/\\\/cometofinland.fi\\\/sv\\\/#\\\/schema\\\/logo\\\/image\\\/\",\"url\":\"https:\\\/\\\/cometofinland.fi\\\/wp-content\\\/uploads\\\/2019\\\/03\\\/CTF_LOGO_Blue.svg\",\"contentUrl\":\"https:\\\/\\\/cometofinland.fi\\\/wp-content\\\/uploads\\\/2019\\\/03\\\/CTF_LOGO_Blue.svg\",\"width\":1,\"height\":1,\"caption\":\"Come to Finland\"},\"image\":{\"@id\":\"https:\\\/\\\/cometofinland.fi\\\/sv\\\/#\\\/schema\\\/logo\\\/image\\\/\"},\"sameAs\":[\"https:\\\/\\\/fi-fi.facebook.com\\\/cometofinland\\\/\",\"https:\\\/\\\/www.instagram.com\\\/cometofinland\\\/\"]}]}<\/script>\n<!-- \/ Yoast SEO plugin. -->","yoast_head_json":{"title":"Aero - Archipelago, A4 size poster - Come to Finland","robots":{"index":"index","follow":"follow","max-snippet":"max-snippet:-1","max-image-preview":"max-image-preview:large","max-video-preview":"max-video-preview:-1"},"canonical":"https:\/\/cometofinland.fi\/sv\/produkt\/aero-archipelago-a4-size-poster\/","og_locale":"sv_SE","og_type":"article","og_title":"Aero - Archipelago, A4 size poster - Come to Finland","og_description":"Affischen \u00e4r packad f\u00f6r hand av oss, i plastficka med 2 mm:s kartong som st\u00f6d. Papper: H\u00f6gklassigt Munken Lynx Rough 150 g. Pappret uppfyller Svanens krav f\u00f6r milj\u00f6m\u00e4rkning. Tryckt i Finland.","og_url":"https:\/\/cometofinland.fi\/sv\/produkt\/aero-archipelago-a4-size-poster\/","og_site_name":"Come to Finland","article_publisher":"https:\/\/fi-fi.facebook.com\/cometofinland\/","og_image":[{"width":712,"height":999,"url":"https:\/\/cometofinland.fi\/wp-content\/uploads\/2018\/12\/P-A4-127_aero-lo_ram.jpg","type":"image\/jpeg"}],"twitter_card":"summary_large_image","schema":{"@context":"https:\/\/schema.org","@graph":[{"@type":"WebPage","@id":"https:\/\/cometofinland.fi\/sv\/produkt\/aero-archipelago-a4-size-poster\/","url":"https:\/\/cometofinland.fi\/sv\/produkt\/aero-archipelago-a4-size-poster\/","name":"Aero - Archipelago, A4 size poster - Come to Finland","isPartOf":{"@id":"https:\/\/cometofinland.fi\/sv\/#website"},"primaryImageOfPage":{"@id":"https:\/\/cometofinland.fi\/sv\/produkt\/aero-archipelago-a4-size-poster\/#primaryimage"},"image":{"@id":"https:\/\/cometofinland.fi\/sv\/produkt\/aero-archipelago-a4-size-poster\/#primaryimage"},"thumbnailUrl":"https:\/\/cometofinland.fi\/wp-content\/uploads\/2018\/12\/P-A4-127_aero-lo_ram.jpg","datePublished":"2022-09-14T10:24:00+00:00","breadcrumb":{"@id":"https:\/\/cometofinland.fi\/sv\/produkt\/aero-archipelago-a4-size-poster\/#breadcrumb"},"inLanguage":"sv-SE","potentialAction":[{"@type":"ReadAction","target":["https:\/\/cometofinland.fi\/sv\/produkt\/aero-archipelago-a4-size-poster\/"]}]},{"@type":"ImageObject","inLanguage":"sv-SE","@id":"https:\/\/cometofinland.fi\/sv\/produkt\/aero-archipelago-a4-size-poster\/#primaryimage","url":"https:\/\/cometofinland.fi\/wp-content\/uploads\/2018\/12\/P-A4-127_aero-lo_ram.jpg","contentUrl":"https:\/\/cometofinland.fi\/wp-content\/uploads\/2018\/12\/P-A4-127_aero-lo_ram.jpg","width":712,"height":999},{"@type":"BreadcrumbList","@id":"https:\/\/cometofinland.fi\/sv\/produkt\/aero-archipelago-a4-size-poster\/#breadcrumb","itemListElement":[{"@type":"ListItem","position":1,"name":"Home","item":"https:\/\/cometofinland.fi\/sv\/"},{"@type":"ListItem","position":2,"name":"Butik","item":"https:\/\/cometofinland.fi\/sv\/butik\/"},{"@type":"ListItem","position":3,"name":"Aero &#8211; Archipelago, A4 size poster"}]},{"@type":"WebSite","@id":"https:\/\/cometofinland.fi\/sv\/#website","url":"https:\/\/cometofinland.fi\/sv\/","name":"Come to Finland","description":"Poster love from Finland! We bring new life to vintage travel posters, and also create new images from Finland!","publisher":{"@id":"https:\/\/cometofinland.fi\/sv\/#organization"},"potentialAction":[{"@type":"SearchAction","target":{"@type":"EntryPoint","urlTemplate":"https:\/\/cometofinland.fi\/sv\/?s={search_term_string}"},"query-input":{"@type":"PropertyValueSpecification","valueRequired":true,"valueName":"search_term_string"}}],"inLanguage":"sv-SE"},{"@type":"Organization","@id":"https:\/\/cometofinland.fi\/sv\/#organization","name":"Come to Finland","url":"https:\/\/cometofinland.fi\/sv\/","logo":{"@type":"ImageObject","inLanguage":"sv-SE","@id":"https:\/\/cometofinland.fi\/sv\/#\/schema\/logo\/image\/","url":"https:\/\/cometofinland.fi\/wp-content\/uploads\/2019\/03\/CTF_LOGO_Blue.svg","contentUrl":"https:\/\/cometofinland.fi\/wp-content\/uploads\/2019\/03\/CTF_LOGO_Blue.svg","width":1,"height":1,"caption":"Come to Finland"},"image":{"@id":"https:\/\/cometofinland.fi\/sv\/#\/schema\/logo\/image\/"},"sameAs":["https:\/\/fi-fi.facebook.com\/cometofinland\/","https:\/\/www.instagram.com\/cometofinland\/"]}]}},"_links":{"self":[{"href":"https:\/\/cometofinland.fi\/sv\/wp-json\/wp\/v2\/product\/3348","targetHints":{"allow":["GET"]}}],"collection":[{"href":"https:\/\/cometofinland.fi\/sv\/wp-json\/wp\/v2\/product"}],"about":[{"href":"https:\/\/cometofinland.fi\/sv\/wp-json\/wp\/v2\/types\/product"}],"wp:featuredmedia":[{"embeddable":true,"href":"https:\/\/cometofinland.fi\/sv\/wp-json\/wp\/v2\/media\/10040"}],"wp:attachment":[{"href":"https:\/\/cometofinland.fi\/sv\/wp-json\/wp\/v2\/media?parent=3348"}],"wp:term":[{"taxonomy":"product_brand","embeddable":true,"href":"https:\/\/cometofinland.fi\/sv\/wp-json\/wp\/v2\/product_brand?post=3348"},{"taxonomy":"product_cat","embeddable":true,"href":"https:\/\/cometofinland.fi\/sv\/wp-json\/wp\/v2\/product_cat?post=3348"},{"taxonomy":"product_tag","embeddable":true,"href":"https:\/\/cometofinland.fi\/sv\/wp-json\/wp\/v2\/product_tag?post=3348"}],"curies":[{"name":"wp","href":"https:\/\/api.w.org\/{rel}","templated":true}]}}