{"id":8081,"date":"2019-02-21T11:51:54","date_gmt":"2019-02-21T09:51:54","guid":{"rendered":"https:\/\/cometofinland.fi\/product\/moominpappa-wooden-postcard\/"},"modified":"2019-12-31T13:41:48","modified_gmt":"2019-12-31T11:41:48","slug":"moominpappa-wooden-postcard-3","status":"publish","type":"product","link":"https:\/\/cometofinland.fi\/sv\/produkt\/moominpappa-wooden-postcard-3\/","title":{"rendered":"Muminpappan, tr\u00e4kort"},"content":{"rendered":"<p>Tr\u00e4 \u00e4r Nordens gr\u00f6na guld och d\u00e4rf\u00f6r har vi utvecklat en produktserie med tr\u00e4kort baserat p\u00e5 det mest nordiska som finns: de \u00e4lskade Mumin-figurerna. B\u00e4st av allt: tr\u00e4korten kan anv\u00e4ndas som vanliga vykort! Tryckta i Finland p\u00e5 \u00e4kta bj\u00f6rkfaner. Tjocklek: 3 mm.<\/p>\n<p>Notera att det f\u00f6rekommer variationer i yta och f\u00e4rg eftersom tr\u00e4 \u00e4r ett naturmaterial &#8211; vi har utel\u00e4mnat den vita f\u00e4rgen f\u00f6r att beh\u00e5lla den naturliga tr\u00e4k\u00e4nslan.<\/p>\n<p>Mumintrollen skapades av den finl\u00e4ndska f\u00f6rfattaren Tove Jansson och b\u00f6ckerna har \u00f6versatts till \u00f6ver 40 spr\u00e5k. Flera internationella tv-serier, filmer och temaparker har sedermera skapats utifr\u00e5n Janssons muminv\u00e4rld.<\/p>\n","protected":false},"excerpt":{"rendered":"<p>Tr\u00e4 \u00e4r Nordens gr\u00f6na guld och d\u00e4rf\u00f6r har vi utvecklat en produktserie med tr\u00e4kort baserat p\u00e5 det mest nordiska som finns: de \u00e4lskade Mumin-figurerna. B\u00e4st av allt: tr\u00e4korten kan anv\u00e4ndas som vanliga vykort! Tryckta i Finland p\u00e5 \u00e4kta bj\u00f6rkfaner. Tjocklek: 3 mm. Notera att det f\u00f6rekommer variationer i yta och f\u00e4rg eftersom tr\u00e4 \u00e4r ett [&hellip;]<\/p>\n","protected":false},"featured_media":8079,"template":"","meta":{"_acf_changed":false},"product_brand":[],"product_cat":[564],"product_tag":[],"class_list":{"0":"post-8081","1":"product","2":"type-product","3":"status-publish","4":"has-post-thumbnail","6":"product_cat-mumin-trakort","8":"first","9":"instock","10":"taxable","11":"shipping-taxable","12":"purchasable","13":"product-type-simple"},"acf":[],"yoast_head":"<!-- This site is optimized with the Yoast SEO plugin v27.3 - https:\/\/yoast.com\/product\/yoast-seo-wordpress\/ -->\n<title>Muminpappan, tr\u00e4kort - Come to Finland<\/title>\n<meta name=\"robots\" content=\"index, follow, max-snippet:-1, max-image-preview:large, max-video-preview:-1\" \/>\n<link rel=\"canonical\" href=\"https:\/\/cometofinland.fi\/sv\/produkt\/moominpappa-wooden-postcard-3\/\" \/>\n<meta property=\"og:locale\" content=\"sv_SE\" \/>\n<meta property=\"og:type\" content=\"article\" \/>\n<meta property=\"og:title\" content=\"Muminpappan, tr\u00e4kort - Come to Finland\" \/>\n<meta property=\"og:description\" content=\"Tr\u00e4 \u00e4r Nordens gr\u00f6na guld och d\u00e4rf\u00f6r har vi utvecklat en produktserie med tr\u00e4kort baserat p\u00e5 det mest nordiska som finns: de \u00e4lskade Mumin-figurerna. B\u00e4st av allt: tr\u00e4korten kan anv\u00e4ndas som vanliga vykort! Tryckta i Finland p\u00e5 \u00e4kta bj\u00f6rkfaner. Tjocklek: 3 mm. Notera att det f\u00f6rekommer variationer i yta och f\u00e4rg eftersom tr\u00e4 \u00e4r ett [&hellip;]\" \/>\n<meta property=\"og:url\" content=\"https:\/\/cometofinland.fi\/sv\/produkt\/moominpappa-wooden-postcard-3\/\" \/>\n<meta property=\"og:site_name\" content=\"Come to Finland\" \/>\n<meta property=\"article:publisher\" content=\"https:\/\/fi-fi.facebook.com\/cometofinland\/\" \/>\n<meta property=\"article:modified_time\" content=\"2019-12-31T11:41:48+00:00\" \/>\n<meta property=\"og:image\" content=\"https:\/\/cometofinland.fi\/wp-content\/uploads\/sites\/2\/2019\/02\/MU3.jpg\" \/>\n\t<meta property=\"og:image:width\" content=\"1\" \/>\n\t<meta property=\"og:image:height\" content=\"1\" \/>\n\t<meta property=\"og:image:type\" content=\"image\/jpeg\" \/>\n<meta name=\"twitter:card\" content=\"summary_large_image\" \/>\n<meta name=\"twitter:label1\" content=\"Ber\u00e4knad l\u00e4stid\" \/>\n\t<meta name=\"twitter:data1\" content=\"1 minut\" \/>\n<script type=\"application\/ld+json\" class=\"yoast-schema-graph\">{\"@context\":\"https:\\\/\\\/schema.org\",\"@graph\":[{\"@type\":\"WebPage\",\"@id\":\"https:\\\/\\\/cometofinland.fi\\\/sv\\\/produkt\\\/moominpappa-wooden-postcard-3\\\/\",\"url\":\"https:\\\/\\\/cometofinland.fi\\\/sv\\\/produkt\\\/moominpappa-wooden-postcard-3\\\/\",\"name\":\"Muminpappan, tr\u00e4kort - Come to Finland\",\"isPartOf\":{\"@id\":\"https:\\\/\\\/cometofinland.fi\\\/sv\\\/#website\"},\"primaryImageOfPage\":{\"@id\":\"https:\\\/\\\/cometofinland.fi\\\/sv\\\/produkt\\\/moominpappa-wooden-postcard-3\\\/#primaryimage\"},\"image\":{\"@id\":\"https:\\\/\\\/cometofinland.fi\\\/sv\\\/produkt\\\/moominpappa-wooden-postcard-3\\\/#primaryimage\"},\"thumbnailUrl\":\"https:\\\/\\\/cometofinland.fi\\\/wp-content\\\/uploads\\\/sites\\\/2\\\/2019\\\/02\\\/MU3.jpg\",\"datePublished\":\"2019-02-21T09:51:54+00:00\",\"dateModified\":\"2019-12-31T11:41:48+00:00\",\"breadcrumb\":{\"@id\":\"https:\\\/\\\/cometofinland.fi\\\/sv\\\/produkt\\\/moominpappa-wooden-postcard-3\\\/#breadcrumb\"},\"inLanguage\":\"sv-SE\",\"potentialAction\":[{\"@type\":\"ReadAction\",\"target\":[\"https:\\\/\\\/cometofinland.fi\\\/sv\\\/produkt\\\/moominpappa-wooden-postcard-3\\\/\"]}]},{\"@type\":\"ImageObject\",\"inLanguage\":\"sv-SE\",\"@id\":\"https:\\\/\\\/cometofinland.fi\\\/sv\\\/produkt\\\/moominpappa-wooden-postcard-3\\\/#primaryimage\",\"url\":\"https:\\\/\\\/cometofinland.fi\\\/wp-content\\\/uploads\\\/sites\\\/2\\\/2019\\\/02\\\/MU3.jpg\",\"contentUrl\":\"https:\\\/\\\/cometofinland.fi\\\/wp-content\\\/uploads\\\/sites\\\/2\\\/2019\\\/02\\\/MU3.jpg\"},{\"@type\":\"BreadcrumbList\",\"@id\":\"https:\\\/\\\/cometofinland.fi\\\/sv\\\/produkt\\\/moominpappa-wooden-postcard-3\\\/#breadcrumb\",\"itemListElement\":[{\"@type\":\"ListItem\",\"position\":1,\"name\":\"Home\",\"item\":\"https:\\\/\\\/cometofinland.fi\\\/sv\\\/\"},{\"@type\":\"ListItem\",\"position\":2,\"name\":\"Butik\",\"item\":\"https:\\\/\\\/cometofinland.fi\\\/sv\\\/butik\\\/\"},{\"@type\":\"ListItem\",\"position\":3,\"name\":\"Muminpappan, tr\u00e4kort\"}]},{\"@type\":\"WebSite\",\"@id\":\"https:\\\/\\\/cometofinland.fi\\\/sv\\\/#website\",\"url\":\"https:\\\/\\\/cometofinland.fi\\\/sv\\\/\",\"name\":\"Come to Finland\",\"description\":\"Poster love from Finland! We bring new life to vintage travel posters, and also create new images from Finland!\",\"publisher\":{\"@id\":\"https:\\\/\\\/cometofinland.fi\\\/sv\\\/#organization\"},\"potentialAction\":[{\"@type\":\"SearchAction\",\"target\":{\"@type\":\"EntryPoint\",\"urlTemplate\":\"https:\\\/\\\/cometofinland.fi\\\/sv\\\/?s={search_term_string}\"},\"query-input\":{\"@type\":\"PropertyValueSpecification\",\"valueRequired\":true,\"valueName\":\"search_term_string\"}}],\"inLanguage\":\"sv-SE\"},{\"@type\":\"Organization\",\"@id\":\"https:\\\/\\\/cometofinland.fi\\\/sv\\\/#organization\",\"name\":\"Come to Finland\",\"url\":\"https:\\\/\\\/cometofinland.fi\\\/sv\\\/\",\"logo\":{\"@type\":\"ImageObject\",\"inLanguage\":\"sv-SE\",\"@id\":\"https:\\\/\\\/cometofinland.fi\\\/sv\\\/#\\\/schema\\\/logo\\\/image\\\/\",\"url\":\"https:\\\/\\\/cometofinland.fi\\\/wp-content\\\/uploads\\\/2019\\\/03\\\/CTF_LOGO_Blue.svg\",\"contentUrl\":\"https:\\\/\\\/cometofinland.fi\\\/wp-content\\\/uploads\\\/2019\\\/03\\\/CTF_LOGO_Blue.svg\",\"width\":1,\"height\":1,\"caption\":\"Come to Finland\"},\"image\":{\"@id\":\"https:\\\/\\\/cometofinland.fi\\\/sv\\\/#\\\/schema\\\/logo\\\/image\\\/\"},\"sameAs\":[\"https:\\\/\\\/fi-fi.facebook.com\\\/cometofinland\\\/\",\"https:\\\/\\\/www.instagram.com\\\/cometofinland\\\/\"]}]}<\/script>\n<!-- \/ Yoast SEO plugin. -->","yoast_head_json":{"title":"Muminpappan, tr\u00e4kort - Come to Finland","robots":{"index":"index","follow":"follow","max-snippet":"max-snippet:-1","max-image-preview":"max-image-preview:large","max-video-preview":"max-video-preview:-1"},"canonical":"https:\/\/cometofinland.fi\/sv\/produkt\/moominpappa-wooden-postcard-3\/","og_locale":"sv_SE","og_type":"article","og_title":"Muminpappan, tr\u00e4kort - Come to Finland","og_description":"Tr\u00e4 \u00e4r Nordens gr\u00f6na guld och d\u00e4rf\u00f6r har vi utvecklat en produktserie med tr\u00e4kort baserat p\u00e5 det mest nordiska som finns: de \u00e4lskade Mumin-figurerna. B\u00e4st av allt: tr\u00e4korten kan anv\u00e4ndas som vanliga vykort! Tryckta i Finland p\u00e5 \u00e4kta bj\u00f6rkfaner. Tjocklek: 3 mm. Notera att det f\u00f6rekommer variationer i yta och f\u00e4rg eftersom tr\u00e4 \u00e4r ett [&hellip;]","og_url":"https:\/\/cometofinland.fi\/sv\/produkt\/moominpappa-wooden-postcard-3\/","og_site_name":"Come to Finland","article_publisher":"https:\/\/fi-fi.facebook.com\/cometofinland\/","article_modified_time":"2019-12-31T11:41:48+00:00","og_image":[{"url":"https:\/\/cometofinland.fi\/wp-content\/uploads\/sites\/2\/2019\/02\/MU3.jpg","width":1,"height":1,"type":"image\/jpeg"}],"twitter_card":"summary_large_image","twitter_misc":{"Ber\u00e4knad l\u00e4stid":"1 minut"},"schema":{"@context":"https:\/\/schema.org","@graph":[{"@type":"WebPage","@id":"https:\/\/cometofinland.fi\/sv\/produkt\/moominpappa-wooden-postcard-3\/","url":"https:\/\/cometofinland.fi\/sv\/produkt\/moominpappa-wooden-postcard-3\/","name":"Muminpappan, tr\u00e4kort - Come to Finland","isPartOf":{"@id":"https:\/\/cometofinland.fi\/sv\/#website"},"primaryImageOfPage":{"@id":"https:\/\/cometofinland.fi\/sv\/produkt\/moominpappa-wooden-postcard-3\/#primaryimage"},"image":{"@id":"https:\/\/cometofinland.fi\/sv\/produkt\/moominpappa-wooden-postcard-3\/#primaryimage"},"thumbnailUrl":"https:\/\/cometofinland.fi\/wp-content\/uploads\/sites\/2\/2019\/02\/MU3.jpg","datePublished":"2019-02-21T09:51:54+00:00","dateModified":"2019-12-31T11:41:48+00:00","breadcrumb":{"@id":"https:\/\/cometofinland.fi\/sv\/produkt\/moominpappa-wooden-postcard-3\/#breadcrumb"},"inLanguage":"sv-SE","potentialAction":[{"@type":"ReadAction","target":["https:\/\/cometofinland.fi\/sv\/produkt\/moominpappa-wooden-postcard-3\/"]}]},{"@type":"ImageObject","inLanguage":"sv-SE","@id":"https:\/\/cometofinland.fi\/sv\/produkt\/moominpappa-wooden-postcard-3\/#primaryimage","url":"https:\/\/cometofinland.fi\/wp-content\/uploads\/sites\/2\/2019\/02\/MU3.jpg","contentUrl":"https:\/\/cometofinland.fi\/wp-content\/uploads\/sites\/2\/2019\/02\/MU3.jpg"},{"@type":"BreadcrumbList","@id":"https:\/\/cometofinland.fi\/sv\/produkt\/moominpappa-wooden-postcard-3\/#breadcrumb","itemListElement":[{"@type":"ListItem","position":1,"name":"Home","item":"https:\/\/cometofinland.fi\/sv\/"},{"@type":"ListItem","position":2,"name":"Butik","item":"https:\/\/cometofinland.fi\/sv\/butik\/"},{"@type":"ListItem","position":3,"name":"Muminpappan, tr\u00e4kort"}]},{"@type":"WebSite","@id":"https:\/\/cometofinland.fi\/sv\/#website","url":"https:\/\/cometofinland.fi\/sv\/","name":"Come to Finland","description":"Poster love from Finland! We bring new life to vintage travel posters, and also create new images from Finland!","publisher":{"@id":"https:\/\/cometofinland.fi\/sv\/#organization"},"potentialAction":[{"@type":"SearchAction","target":{"@type":"EntryPoint","urlTemplate":"https:\/\/cometofinland.fi\/sv\/?s={search_term_string}"},"query-input":{"@type":"PropertyValueSpecification","valueRequired":true,"valueName":"search_term_string"}}],"inLanguage":"sv-SE"},{"@type":"Organization","@id":"https:\/\/cometofinland.fi\/sv\/#organization","name":"Come to Finland","url":"https:\/\/cometofinland.fi\/sv\/","logo":{"@type":"ImageObject","inLanguage":"sv-SE","@id":"https:\/\/cometofinland.fi\/sv\/#\/schema\/logo\/image\/","url":"https:\/\/cometofinland.fi\/wp-content\/uploads\/2019\/03\/CTF_LOGO_Blue.svg","contentUrl":"https:\/\/cometofinland.fi\/wp-content\/uploads\/2019\/03\/CTF_LOGO_Blue.svg","width":1,"height":1,"caption":"Come to Finland"},"image":{"@id":"https:\/\/cometofinland.fi\/sv\/#\/schema\/logo\/image\/"},"sameAs":["https:\/\/fi-fi.facebook.com\/cometofinland\/","https:\/\/www.instagram.com\/cometofinland\/"]}]}},"_links":{"self":[{"href":"https:\/\/cometofinland.fi\/sv\/wp-json\/wp\/v2\/product\/8081","targetHints":{"allow":["GET"]}}],"collection":[{"href":"https:\/\/cometofinland.fi\/sv\/wp-json\/wp\/v2\/product"}],"about":[{"href":"https:\/\/cometofinland.fi\/sv\/wp-json\/wp\/v2\/types\/product"}],"wp:featuredmedia":[{"embeddable":true,"href":"https:\/\/cometofinland.fi\/sv\/wp-json\/wp\/v2\/media\/8079"}],"wp:attachment":[{"href":"https:\/\/cometofinland.fi\/sv\/wp-json\/wp\/v2\/media?parent=8081"}],"wp:term":[{"taxonomy":"product_brand","embeddable":true,"href":"https:\/\/cometofinland.fi\/sv\/wp-json\/wp\/v2\/product_brand?post=8081"},{"taxonomy":"product_cat","embeddable":true,"href":"https:\/\/cometofinland.fi\/sv\/wp-json\/wp\/v2\/product_cat?post=8081"},{"taxonomy":"product_tag","embeddable":true,"href":"https:\/\/cometofinland.fi\/sv\/wp-json\/wp\/v2\/product_tag?post=8081"}],"curies":[{"name":"wp","href":"https:\/\/api.w.org\/{rel}","templated":true}]}}